{"id":6670,"date":"2022-10-17T08:45:30","date_gmt":"2022-10-17T08:45:30","guid":{"rendered":"http:\/\/www.nauja.ruta.lt\/?page_id=6670"},"modified":"2025-03-20T15:25:05","modified_gmt":"2025-03-20T13:25:05","slug":"today","status":"publish","type":"page","link":"https:\/\/ruta.cpdev.dev\/en\/today\/","title":{"rendered":"Today"},"content":{"rendered":"  <div id=\"page-header-1872517979\" class=\"page-header-wrapper\">\n  <div class=\"page-title hidden dark featured-title\">\n\n        <div class=\"page-title-bg\">\n      <div class=\"title-bg fill bg-fill\"\n        data-parallax-container=\".page-title\"\n        data-parallax-background\n        data-parallax=\"-\">\n      <\/div>\n      <div class=\"title-overlay fill\"><\/div>\n    <\/div>\n    \n    <div class=\"page-title-inner container align-center text-center flex-row-col medium-flex-wrap\" >\n              <div class=\"title-wrapper flex-col\">\n          <h1 class=\"entry-title mb-0\">\n            Mes \u0161iandien          <\/h1>\n        <\/div>\n                    <div class=\"title-content flex-col\">\n        <div class=\"title-breadcrumbs pb-half pt-half\"><\/div>      <\/div>\n    <\/div>\n\n     \n<style>\n#page-header-1872517979 .page-title-inner {\n  min-height: 250px;\n}\n#page-header-1872517979 .title-bg {\n  background-image: url(https:\/\/ruta.cpdev.dev\/wp-content\/uploads\/2021\/03\/foto-min.jpg);\n}\n#page-header-1872517979 .title-overlay {\n  background-color: rgba(197, 153, 84, 0.15);\n}\n<\/style>\n  <\/div>\n    <\/div>\n  \n\t<section class=\"section\" id=\"section_1656416539\">\n\t\t<div class=\"bg section-bg fill bg-fill  bg-loaded\" >\n\n\t\t\t\n\t\t\t\n\t\t\t\n\n\t\t<\/div>\n\n\t\t\n\n\t\t<div class=\"section-content relative\">\n\t\t\t\n<div class=\"row row-collapse align-center\"  id=\"row-234570684\">\n\n\t<div id=\"col-1114804877\" class=\"col small-12 large-12\"  >\n\t\t\t\t<div class=\"col-inner\"  >\n\t\t\t\n\t\t\t\n\t<div id=\"text-2583914064\" class=\"text\">\n\t\t\n<h1 style=\"color: #a39060\">Today<\/h1>\n\t\t\n<style>\n#text-2583914064 {\n  text-align: center;\n}\n<\/style>\n\t<\/div>\n\t\n<div class=\"text-center\"><div class=\"is-divider divider clearfix\" style=\"max-width:100px;background-color:rgb(163, 144, 96);\"><\/div><\/div>\n\t<div id=\"text-1449311919\" class=\"text\">\n\t\t\n<p>When the sign \u201cR\u016bta\u201d appeared on a wooden house in the centre of \u0160iauliai in 1913, and Antanas Gricevi\u010dius started boiling caramel in a large kettle, no one expected that the small house would turn into one of the longest-running candy factories, operating not only in Lithuania, but also in Europe for more than 100 years. The family business that has been operating for more than a century is now managed by the great-grandchildren of the founder Antanas Gricevi\u010dius. It is where legendary flavours and surprises are created through experienced craftsmanship.<br \/>\n\t\t\n<style>\n#text-1449311919 {\n  text-align: center;\n}\n<\/style>\n\t<\/div>\n\t\n<div class=\"text-center\"><div class=\"is-divider divider clearfix\" style=\"max-width:100px;background-color:rgb(163, 144, 96);\"><\/div><\/div>\n\t\t<\/div>\n\t\t\t\t\n<style>\n#col-1114804877 > .col-inner {\n  padding: 0px 20px 0px 20px;\n}\n<\/style>\n\t<\/div>\n\n\t\n<\/div>\n\t\t<\/div>\n\n\t\t\n<style>\n#section_1656416539 {\n  padding-top: 30px;\n  padding-bottom: 30px;\n}\n<\/style>\n\t<\/section>\n\t\n\t<section class=\"section\" id=\"section_544372069\">\n\t\t<div class=\"bg section-bg fill bg-fill  bg-loaded\" >\n\n\t\t\t\n\t\t\t\n\t\t\t\n\n\t\t<\/div>\n\n\t\t\n\n\t\t<div class=\"section-content relative\">\n\t\t\t\n<div class=\"row\"  id=\"row-2039527810\">\n\n\t<div id=\"col-1565339717\" class=\"col medium-6 small-12 large-6\"  >\n\t\t\t\t<div class=\"col-inner\"  >\n\t\t\t\n\t\t\t\n<p style=\"text-align: right\">The main activity of the company is the production of chocolates, jellies, souffl\u00e9 candies, drag\u00e9es, chocolates, chocolate figures, soft caramel and snacks. R\u016bta\u2019s product range includes more than 300 different items, including special product groups (organic, sugar-free confectionery, freeze-dried drag\u00e9es, fruit and nuts, and protein snacks). Sweets are made from raw materials of an extremely high quality. Both traditional and modern recipes are used for the production. R\u016bta gives a priority to natural ingredients and Lithuanian raw materials. Strawberries, blackcurrants, sea buckthorn, pumpkin, and many other Lithuanian and exotic berries, fruits and vegetables, royal jelly and pollen, honey and nuts grown in Lithuania are transformed into the most delicious chocolate fillings or condiments at the R\u016bta confectionery factory.<\/p>\n\t\t<\/div>\n\t\t\t\t\t<\/div>\n\n\t\n\n\t<div id=\"col-1949386256\" class=\"col medium-6 small-12 large-6\"  >\n\t\t\t\t<div class=\"col-inner\"  >\n\t\t\t\n\t\t\t\n<div class=\"video video-fit mb\" style=\"padding-top:57%;\"><p><iframe loading=\"lazy\" title=\"Saldaini\u0173 fabrikas \u201eR\u016bta\u201c\" width=\"1020\" height=\"574\" src=\"https:\/\/www.youtube.com\/embed\/z1-15oyfFvU?feature=oembed\" frameborder=\"0\" allow=\"accelerometer; autoplay; clipboard-write; encrypted-media; gyroscope; picture-in-picture\" allowfullscreen><\/iframe><\/p>\n<\/div>\n\t\t<\/div>\n\t\t\t\t\t<\/div>\n\n\t\n<\/div>\n<div class=\"row row-collapse\"  id=\"row-1721743457\">\n\n\t<div id=\"col-2043081597\" class=\"col small-12 large-12\"  >\n\t\t\t\t<div class=\"col-inner text-center\"  >\n\t\t\t\n\t\t\t\n<div class=\"row row-collapse row-full-width\"  id=\"row-1464917952\">\n\n\t<div id=\"col-905481736\" class=\"col hide-for-small medium-1 large-1\"  >\n\t\t\t\t<div class=\"col-inner\"  >\n\t\t\t\n\t\t\t\n\t\t<\/div>\n\t\t\t\t\t<\/div>\n\n\t\n\n\t<div id=\"col-1428988603\" class=\"col medium-2 small-6 large-2\"  >\n\t\t\t\t<div class=\"col-inner\"  >\n\t\t\t\n\t\t\t\n\n\t\t<div class=\"icon-box featured-box icon-box-center text-center\"  >\n\t\t\t\t\t<div class=\"icon-box-img\" style=\"width: 60px\">\n\t\t\t\t<div class=\"icon\">\n\t\t\t\t\t<div class=\"icon-inner\" style=\"color:rgb(163, 144, 96);\">\n\t\t\t\t\t\t<img loading=\"lazy\" decoding=\"async\" width=\"300\" height=\"300\" src=\"https:\/\/ruta.cpdev.dev\/wp-content\/uploads\/2022\/03\/1-10-300x300.jpg\" class=\"attachment-medium size-medium\" alt=\"\" srcset=\"https:\/\/ruta.cpdev.dev\/wp-content\/uploads\/2022\/03\/1-10-300x300.jpg 300w, https:\/\/ruta.cpdev.dev\/wp-content\/uploads\/2022\/03\/1-10-150x150.jpg 150w, https:\/\/ruta.cpdev.dev\/wp-content\/uploads\/2022\/03\/1-10-768x768.jpg 768w, https:\/\/ruta.cpdev.dev\/wp-content\/uploads\/2022\/03\/1-10-247x247.jpg 247w, https:\/\/ruta.cpdev.dev\/wp-content\/uploads\/2022\/03\/1-10-510x510.jpg 510w, https:\/\/ruta.cpdev.dev\/wp-content\/uploads\/2022\/03\/1-10-100x100.jpg 100w, https:\/\/ruta.cpdev.dev\/wp-content\/uploads\/2022\/03\/1-10.jpg 834w\" sizes=\"auto, (max-width: 300px) 100vw, 300px\" \/>\t\t\t\t\t<\/div>\n\t\t\t\t<\/div>\n\t\t\t<\/div>\n\t\t\t\t<div class=\"icon-box-text last-reset\">\n\t\t\t<h5 class=\"uppercase\">Century-old traditions<\/h5>\t\t\t\t\t\t\n\t\t<\/div>\n\t<\/div>\n\t\n\t\n\t<div id=\"gap-351497271\" class=\"gap-element clearfix show-for-medium\" style=\"display:block; height:auto;\">\n\t\t\n<style>\n#gap-351497271 {\n  padding-top: 30px;\n}\n<\/style>\n\t<\/div>\n\t\n\t\t<\/div>\n\t\t\t\t\t<\/div>\n\n\t\n\n\t<div id=\"col-2134432952\" class=\"col medium-2 small-6 large-2\"  >\n\t\t\t\t<div class=\"col-inner\"  >\n\t\t\t\n\t\t\t\n\n\t\t<div class=\"icon-box featured-box icon-box-center text-center\"  >\n\t\t\t\t\t<div class=\"icon-box-img\" style=\"width: 60px\">\n\t\t\t\t<div class=\"icon\">\n\t\t\t\t\t<div class=\"icon-inner\" style=\"color:rgb(163, 144, 96);\">\n\t\t\t\t\t\t<img loading=\"lazy\" decoding=\"async\" width=\"300\" height=\"300\" src=\"https:\/\/ruta.cpdev.dev\/wp-content\/uploads\/2022\/03\/1-09-300x300.jpg\" class=\"attachment-medium size-medium\" alt=\"\" srcset=\"https:\/\/ruta.cpdev.dev\/wp-content\/uploads\/2022\/03\/1-09-300x300.jpg 300w, https:\/\/ruta.cpdev.dev\/wp-content\/uploads\/2022\/03\/1-09-150x150.jpg 150w, https:\/\/ruta.cpdev.dev\/wp-content\/uploads\/2022\/03\/1-09-768x768.jpg 768w, https:\/\/ruta.cpdev.dev\/wp-content\/uploads\/2022\/03\/1-09-247x247.jpg 247w, https:\/\/ruta.cpdev.dev\/wp-content\/uploads\/2022\/03\/1-09-510x510.jpg 510w, https:\/\/ruta.cpdev.dev\/wp-content\/uploads\/2022\/03\/1-09-100x100.jpg 100w, https:\/\/ruta.cpdev.dev\/wp-content\/uploads\/2022\/03\/1-09.jpg 834w\" sizes=\"auto, (max-width: 300px) 100vw, 300px\" \/>\t\t\t\t\t<\/div>\n\t\t\t\t<\/div>\n\t\t\t<\/div>\n\t\t\t\t<div class=\"icon-box-text last-reset\">\n\t\t\t<h5 class=\"uppercase\">Familly business<\/h5>\t\t\t\t\t\t\n\t\t<\/div>\n\t<\/div>\n\t\n\t\n\t<div id=\"gap-560271295\" class=\"gap-element clearfix show-for-medium\" style=\"display:block; height:auto;\">\n\t\t\n<style>\n#gap-560271295 {\n  padding-top: 30px;\n}\n<\/style>\n\t<\/div>\n\t\n\t\t<\/div>\n\t\t\t\t\t<\/div>\n\n\t\n\n\t<div id=\"col-352005739\" class=\"col medium-2 small-6 large-2\"  >\n\t\t\t\t<div class=\"col-inner\"  >\n\t\t\t\n\t\t\t\n\n\t\t<div class=\"icon-box featured-box icon-box-center text-center\"  >\n\t\t\t\t\t<div class=\"icon-box-img\" style=\"width: 60px\">\n\t\t\t\t<div class=\"icon\">\n\t\t\t\t\t<div class=\"icon-inner\" style=\"color:rgb(163, 144, 96);\">\n\t\t\t\t\t\t<img loading=\"lazy\" decoding=\"async\" width=\"300\" height=\"300\" src=\"https:\/\/ruta.cpdev.dev\/wp-content\/uploads\/2022\/03\/1-08-300x300.jpg\" class=\"attachment-medium size-medium\" alt=\"\" srcset=\"https:\/\/ruta.cpdev.dev\/wp-content\/uploads\/2022\/03\/1-08-300x300.jpg 300w, https:\/\/ruta.cpdev.dev\/wp-content\/uploads\/2022\/03\/1-08-150x150.jpg 150w, https:\/\/ruta.cpdev.dev\/wp-content\/uploads\/2022\/03\/1-08-768x768.jpg 768w, https:\/\/ruta.cpdev.dev\/wp-content\/uploads\/2022\/03\/1-08-247x247.jpg 247w, https:\/\/ruta.cpdev.dev\/wp-content\/uploads\/2022\/03\/1-08-510x510.jpg 510w, https:\/\/ruta.cpdev.dev\/wp-content\/uploads\/2022\/03\/1-08-100x100.jpg 100w, https:\/\/ruta.cpdev.dev\/wp-content\/uploads\/2022\/03\/1-08.jpg 834w\" sizes=\"auto, (max-width: 300px) 100vw, 300px\" \/>\t\t\t\t\t<\/div>\n\t\t\t\t<\/div>\n\t\t\t<\/div>\n\t\t\t\t<div class=\"icon-box-text last-reset\">\n\t\t\t<h5 class=\"uppercase\">Best quality<\/h5>\t\t\t\t\t\t\n\t\t<\/div>\n\t<\/div>\n\t\n\t\n\t\t<\/div>\n\t\t\t\t\t<\/div>\n\n\t\n\n\t<div id=\"col-1086842426\" class=\"col medium-2 small-6 large-2\"  >\n\t\t\t\t<div class=\"col-inner\"  >\n\t\t\t\n\t\t\t\n\n\t\t<div class=\"icon-box featured-box icon-box-center text-center\"  >\n\t\t\t\t\t<div class=\"icon-box-img\" style=\"width: 60px\">\n\t\t\t\t<div class=\"icon\">\n\t\t\t\t\t<div class=\"icon-inner\" style=\"color:rgb(163, 144, 96);\">\n\t\t\t\t\t\t<img loading=\"lazy\" decoding=\"async\" width=\"300\" height=\"300\" src=\"https:\/\/ruta.cpdev.dev\/wp-content\/uploads\/2022\/03\/1-06-300x300.jpg\" class=\"attachment-medium size-medium\" alt=\"\" srcset=\"https:\/\/ruta.cpdev.dev\/wp-content\/uploads\/2022\/03\/1-06-300x300.jpg 300w, https:\/\/ruta.cpdev.dev\/wp-content\/uploads\/2022\/03\/1-06-150x150.jpg 150w, https:\/\/ruta.cpdev.dev\/wp-content\/uploads\/2022\/03\/1-06-768x768.jpg 768w, https:\/\/ruta.cpdev.dev\/wp-content\/uploads\/2022\/03\/1-06-247x247.jpg 247w, https:\/\/ruta.cpdev.dev\/wp-content\/uploads\/2022\/03\/1-06-510x510.jpg 510w, https:\/\/ruta.cpdev.dev\/wp-content\/uploads\/2022\/03\/1-06-100x100.jpg 100w, https:\/\/ruta.cpdev.dev\/wp-content\/uploads\/2022\/03\/1-06.jpg 834w\" sizes=\"auto, (max-width: 300px) 100vw, 300px\" \/>\t\t\t\t\t<\/div>\n\t\t\t\t<\/div>\n\t\t\t<\/div>\n\t\t\t\t<div class=\"icon-box-text last-reset\">\n\t\t\t<h5 class=\"uppercase\">Natural ingredients<\/h5>\t\t\t\t\t\t\n\t\t<\/div>\n\t<\/div>\n\t\n\t\n\t\t<\/div>\n\t\t\t\t\t<\/div>\n\n\t\n\n\t<div id=\"col-875651130\" class=\"col medium-2 small-6 large-2\"  >\n\t\t\t\t<div class=\"col-inner\"  >\n\t\t\t\n\t\t\t\n\t<div id=\"gap-1569187472\" class=\"gap-element clearfix show-for-medium\" style=\"display:block; height:auto;\">\n\t\t\n<style>\n#gap-1569187472 {\n  padding-top: 30px;\n}\n<\/style>\n\t<\/div>\n\t\n\n\t\t<div class=\"icon-box featured-box icon-box-center text-center\"  >\n\t\t\t\t\t<div class=\"icon-box-img\" style=\"width: 60px\">\n\t\t\t\t<div class=\"icon\">\n\t\t\t\t\t<div class=\"icon-inner\" style=\"color:rgb(163, 144, 96);\">\n\t\t\t\t\t\t<img loading=\"lazy\" decoding=\"async\" width=\"300\" height=\"300\" src=\"https:\/\/ruta.cpdev.dev\/wp-content\/uploads\/2022\/03\/1-05-300x300.jpg\" class=\"attachment-medium size-medium\" alt=\"\" srcset=\"https:\/\/ruta.cpdev.dev\/wp-content\/uploads\/2022\/03\/1-05-300x300.jpg 300w, https:\/\/ruta.cpdev.dev\/wp-content\/uploads\/2022\/03\/1-05-150x150.jpg 150w, https:\/\/ruta.cpdev.dev\/wp-content\/uploads\/2022\/03\/1-05-768x768.jpg 768w, https:\/\/ruta.cpdev.dev\/wp-content\/uploads\/2022\/03\/1-05-247x247.jpg 247w, https:\/\/ruta.cpdev.dev\/wp-content\/uploads\/2022\/03\/1-05-510x510.jpg 510w, https:\/\/ruta.cpdev.dev\/wp-content\/uploads\/2022\/03\/1-05-100x100.jpg 100w, https:\/\/ruta.cpdev.dev\/wp-content\/uploads\/2022\/03\/1-05.jpg 834w\" sizes=\"auto, (max-width: 300px) 100vw, 300px\" \/>\t\t\t\t\t<\/div>\n\t\t\t\t<\/div>\n\t\t\t<\/div>\n\t\t\t\t<div class=\"icon-box-text last-reset\">\n\t\t\t<h5 class=\"uppercase\">Handmade<\/h5>\t\t\t\t\t\t\n\t\t<\/div>\n\t<\/div>\n\t\n\t\n\t\t<\/div>\n\t\t\t\t\t<\/div>\n\n\t\n\n\t<div id=\"col-1986457320\" class=\"col hide-for-small medium-1 large-1\"  >\n\t\t\t\t<div class=\"col-inner\"  >\n\t\t\t\n\t\t\t\n\t\t<\/div>\n\t\t\t\t\t<\/div>\n\n\t\n<\/div>\n\t\t<\/div>\n\t\t\t\t\n<style>\n#col-2043081597 > .col-inner {\n  padding: 20px 15px 20px 15px;\n}\n@media (min-width:550px) {\n  #col-2043081597 > .col-inner {\n    padding: 30px 0px 30px 0px;\n  }\n}\n<\/style>\n\t<\/div>\n\n\t\n<\/div>\n\t<div id=\"gap-307857014\" class=\"gap-element clearfix\" style=\"display:block; height:auto;\">\n\t\t\n<style>\n#gap-307857014 {\n  padding-top: 30px;\n}\n<\/style>\n\t<\/div>\n\t\n<div class=\"row\"  id=\"row-231050657\">\n\n\t<div id=\"col-2043217428\" class=\"col medium-6 small-12 large-6\"  >\n\t\t\t\t<div class=\"col-inner\"  >\n\t\t\t\n\t\t\t\n\t<div class=\"img has-hover x md-x lg-x y md-y lg-y\" id=\"image_777946580\">\n\t\t\t\t\t\t\t\t<div class=\"img-inner dark\" >\n\t\t\t<img loading=\"lazy\" decoding=\"async\" width=\"1000\" height=\"667\" src=\"https:\/\/ruta.cpdev.dev\/wp-content\/uploads\/2022\/03\/mes_siandien4.jpg\" class=\"attachment-large size-large\" alt=\"\" srcset=\"https:\/\/ruta.cpdev.dev\/wp-content\/uploads\/2022\/03\/mes_siandien4.jpg 1000w, https:\/\/ruta.cpdev.dev\/wp-content\/uploads\/2022\/03\/mes_siandien4-300x200.jpg 300w, https:\/\/ruta.cpdev.dev\/wp-content\/uploads\/2022\/03\/mes_siandien4-768x512.jpg 768w, https:\/\/ruta.cpdev.dev\/wp-content\/uploads\/2022\/03\/mes_siandien4-247x165.jpg 247w, https:\/\/ruta.cpdev.dev\/wp-content\/uploads\/2022\/03\/mes_siandien4-510x340.jpg 510w\" sizes=\"auto, (max-width: 1000px) 100vw, 1000px\" \/>\t\t\t\t\t\t\n\t\t\t\t\t<\/div>\n\t\t\t\t\t\t\t\t\n<style>\n#image_777946580 {\n  width: 100%;\n}\n<\/style>\n\t<\/div>\n\t\n\t\t<\/div>\n\t\t\t\t\t<\/div>\n\n\t\n\n\t<div id=\"col-215038469\" class=\"col medium-6 small-12 large-6\"  >\n\t\t\t\t<div class=\"col-inner\"  >\n\t\t\t\n\t\t\t\n<p>\u00a0<\/p>\n<p>All products at the R\u016bta confectionery factory are created in compliance with the requirements of the regulatory documents in force in the Republic of Lithuania and the European Union. The company has implemented a food safety and quality management system that is certified according to the requirements of the BRC GS9. The quality of the raw materials and products used in the entire technological process is checked via the company\u2019s process and microbiological laboratories. The company also operates a product traceability system. In 2022, UAB R\u016bta received the<em> Rainforest Alliance<\/em> certificate, which confirms that the cocoa products used in our production, and that reach consumers, come from sustainably operating farms.<\/p>\n\t\t<\/div>\n\t\t\t\t\t<\/div>\n\n\t\n<\/div>\n<div class=\"row\"  id=\"row-324251139\">\n\n\t<div id=\"col-1939353113\" class=\"col medium-6 small-12 large-6\"  >\n\t\t\t\t<div class=\"col-inner\"  >\n\t\t\t\n\t\t\t\n<p>\u00a0<\/p>\n<p>\u00a0<\/p>\n<p style=\"text-align: right\">The company owns 23 branded stores, a cafe and the only Chocolate Museum in Lithuania. The products are tasted and appreciated not only in Lithuania, but also in Germany, Latvia, Poland, Estonia, Great Britain, the Netherlands, Ireland, Denmark, Belgium, Switzerland, Spain, USA, Canada, Ukraine, Scandinavian countries, Azerbaijan, Taiwan and other countries, so R\u016bta can be proud to have international recognition as well. The R\u016bta factory&#8217;s successful efforts to provide quality and delicious sweets to the market are proven by the fact that it has won more than 60 top awards at different exhibitions and competitions since the establishment of the company.<\/p>\n\t\t<\/div>\n\t\t\t\t\t<\/div>\n\n\t\n\n\t<div id=\"col-1423545740\" class=\"col medium-6 small-12 large-6\"  >\n\t\t\t\t<div class=\"col-inner\"  >\n\t\t\t\n\t\t\t\n\t<div class=\"img has-hover x md-x lg-x y md-y lg-y\" id=\"image_1253260384\">\n\t\t\t\t\t\t\t\t<div class=\"img-inner dark\" >\n\t\t\t<img loading=\"lazy\" decoding=\"async\" width=\"1000\" height=\"667\" src=\"https:\/\/ruta.cpdev.dev\/wp-content\/uploads\/2022\/03\/mes_siandien1.jpg\" class=\"attachment-large size-large\" alt=\"\" srcset=\"https:\/\/ruta.cpdev.dev\/wp-content\/uploads\/2022\/03\/mes_siandien1.jpg 1000w, https:\/\/ruta.cpdev.dev\/wp-content\/uploads\/2022\/03\/mes_siandien1-300x200.jpg 300w, https:\/\/ruta.cpdev.dev\/wp-content\/uploads\/2022\/03\/mes_siandien1-768x512.jpg 768w, https:\/\/ruta.cpdev.dev\/wp-content\/uploads\/2022\/03\/mes_siandien1-247x165.jpg 247w, https:\/\/ruta.cpdev.dev\/wp-content\/uploads\/2022\/03\/mes_siandien1-510x340.jpg 510w\" sizes=\"auto, (max-width: 1000px) 100vw, 1000px\" \/>\t\t\t\t\t\t\n\t\t\t\t\t<\/div>\n\t\t\t\t\t\t\t\t\n<style>\n#image_1253260384 {\n  width: 100%;\n}\n<\/style>\n\t<\/div>\n\t\n\t\t<\/div>\n\t\t\t\t\t<\/div>\n\n\t\n<\/div>\n\t\t<\/div>\n\n\t\t\n<style>\n#section_544372069 {\n  padding-top: 0px;\n  padding-bottom: 0px;\n}\n<\/style>\n\t<\/section>\n\t\n<div class=\"row row-collapse\"  id=\"row-2137099169\">\n\n\t<div id=\"col-824530868\" class=\"col small-12 large-12\"  >\n\t\t\t\t<div class=\"col-inner\" style=\"background-color:rgb(255,255,255);\" >\n\t\t\t\n\t\t\t\n<blockquote>\n<p><em>Knowledge, hard work and a love for sweets are the three core values that have accompanied R\u016bta since its foundation and have won the recognition of those who love sweets.<\/em><\/p>\n<\/blockquote>\n\t\t<\/div>\n\t\t\t\t\n<style>\n#col-824530868 > .col-inner {\n  padding: 20px 20px 20px 20px;\n}\n@media (min-width:550px) {\n  #col-824530868 > .col-inner {\n    padding: 100px 150px 100px 150px;\n  }\n}\n<\/style>\n\t<\/div>\n\n\t\n<\/div>\n","protected":false},"excerpt":{"rendered":"","protected":false},"author":2,"featured_media":0,"parent":0,"menu_order":0,"comment_status":"closed","ping_status":"closed","template":"page-blank.php","meta":{"_acf_changed":false,"footnotes":""},"class_list":["post-6670","page","type-page","status-publish","hentry"],"acf":[],"_links":{"self":[{"href":"https:\/\/ruta.cpdev.dev\/en\/wp-json\/wp\/v2\/pages\/6670","targetHints":{"allow":["GET"]}}],"collection":[{"href":"https:\/\/ruta.cpdev.dev\/en\/wp-json\/wp\/v2\/pages"}],"about":[{"href":"https:\/\/ruta.cpdev.dev\/en\/wp-json\/wp\/v2\/types\/page"}],"author":[{"embeddable":true,"href":"https:\/\/ruta.cpdev.dev\/en\/wp-json\/wp\/v2\/users\/2"}],"replies":[{"embeddable":true,"href":"https:\/\/ruta.cpdev.dev\/en\/wp-json\/wp\/v2\/comments?post=6670"}],"version-history":[{"count":5,"href":"https:\/\/ruta.cpdev.dev\/en\/wp-json\/wp\/v2\/pages\/6670\/revisions"}],"predecessor-version":[{"id":194064,"href":"https:\/\/ruta.cpdev.dev\/en\/wp-json\/wp\/v2\/pages\/6670\/revisions\/194064"}],"wp:attachment":[{"href":"https:\/\/ruta.cpdev.dev\/en\/wp-json\/wp\/v2\/media?parent=6670"}],"curies":[{"name":"wp","href":"https:\/\/api.w.org\/{rel}","templated":true}]}}