{"id":6705,"date":"2022-10-17T09:47:49","date_gmt":"2022-10-17T09:47:49","guid":{"rendered":"http:\/\/www.nauja.ruta.lt\/?page_id=6705"},"modified":"2022-10-17T09:47:49","modified_gmt":"2022-10-17T09:47:49","slug":"personal-data-management-policy","status":"publish","type":"page","link":"https:\/\/ruta.cpdev.dev\/en\/today\/personal-data-management-policy\/","title":{"rendered":"Personal data management policy"},"content":{"rendered":"\t<section class=\"section\" id=\"section_624315560\">\n\t\t<div class=\"bg section-bg fill bg-fill  bg-loaded\" >\n\n\t\t\t\n\t\t\t\n\t\t\t\n\n\t\t<\/div>\n\n\t\t\n\n\t\t<div class=\"section-content relative\">\n\t\t\t\n<div class=\"row row-collapse\"  id=\"row-1606135116\">\n\n\t<div id=\"col-464510607\" class=\"col small-12 large-12\"  >\n\t\t\t\t<div class=\"col-inner\"  >\n\t\t\t\n\t\t\t\n\t<div id=\"text-44879244\" class=\"text\">\n\t\t\n<h1><span data-text-color=\"primary\">Asmens duomen\u0173 tvarkymo politika<\/span><\/h1>\n\t\t\n<style>\n#text-44879244 {\n  text-align: center;\n}\n<\/style>\n\t<\/div>\n\t\n<div class=\"text-center\"><div class=\"is-divider divider clearfix\" style=\"max-width:100px;\"><\/div><\/div>\n<p>UAB \u201eR\u016bta\u201c asmens duomen\u0173 tvarkymo politika skirta informuoti Jus apie tai, kaip mes renkame, naudojame, dalinam\u0117s ir tvarkome J\u016bs\u0173 pateiktus ar m\u016bs\u0173 surinktus J\u016bs\u0173 asmens duomenis. Taip siekiame ir \u012fsipareigojame u\u017etikrinti s\u0105\u017eining\u0105, saug\u0173 ir skaidr\u0173 informacijos apie Jus rinkim\u0105, naudojim\u0105 ir tvarkym\u0105.<\/p>\n<p>&nbsp;<\/p>\n<p>J\u016bs\u0173 asmens duomenys tvarkomi, vadovaujantis Bendruoju duomen\u0173 apsaugos reglamentu, Lietuvos Respublikos asmens duomen\u0173 teisin\u0117s apsaugos \u012fstatymu ir kitais teis\u0117s aktais.<\/p>\n<p>Per\u017ei\u016br\u0117kite \u0161i\u0105 politik\u0105 ir, jei\u00a0turite\u00a0klausim\u0173, susisiekite su mumis tel. +370 41 52 20 45 arba el. p.\u00a0<a href=\"mailto:info@ruta.lt\">info@ruta.lt<\/a>.<\/p>\n<p>\u0160i\u0105 politik\u0105 mes galime keisti, tod\u0117l rekomenduojame j\u0105\u00a0periodi\u0161kai per\u017ei\u016br\u0117ti.<\/p>\n<p>&nbsp;<\/p>\n<p><strong>Dokumentai:<\/strong><\/p>\n<p><a href=\"https:\/\/ruta.cpdev.dev\/sites\/default\/files\/darbuotoju_asmens_duomenu_tvarkymo_taisykles_2018_06_04.pdf\">UAB \u201eR\u016bta\u201c darbuotoj\u0173 asmens duomen\u0173 tvarkymo taisykl\u0117s<\/a><\/p>\n<p><a href=\"https:\/\/ruta.cpdev.dev\/sites\/default\/files\/asmenu_nesusijusiu_darbo_santykiais_su_bendrove_duomenu_tvarkymo_taisykles_2018_07_11.pdf\">UAB \u201eR\u016bta\u201c asmen\u0173, nesusijusi\u0173 darbo santykiais su bendrove, duomen\u0173 tvarkymo taisykl\u0117s<\/a><\/p>\n\t\t<\/div>\n\t\t\t\t\t<\/div>\n\n\t\n<\/div>\n\t\t<\/div>\n\n\t\t\n<style>\n#section_624315560 {\n  padding-top: 30px;\n  padding-bottom: 30px;\n}\n<\/style>\n\t<\/section>\n\t\n","protected":false},"excerpt":{"rendered":"","protected":false},"author":2,"featured_media":0,"parent":6670,"menu_order":0,"comment_status":"closed","ping_status":"closed","template":"page-blank.php","meta":{"_acf_changed":false,"footnotes":""},"class_list":["post-6705","page","type-page","status-publish","hentry"],"acf":[],"_links":{"self":[{"href":"https:\/\/ruta.cpdev.dev\/en\/wp-json\/wp\/v2\/pages\/6705","targetHints":{"allow":["GET"]}}],"collection":[{"href":"https:\/\/ruta.cpdev.dev\/en\/wp-json\/wp\/v2\/pages"}],"about":[{"href":"https:\/\/ruta.cpdev.dev\/en\/wp-json\/wp\/v2\/types\/page"}],"author":[{"embeddable":true,"href":"https:\/\/ruta.cpdev.dev\/en\/wp-json\/wp\/v2\/users\/2"}],"replies":[{"embeddable":true,"href":"https:\/\/ruta.cpdev.dev\/en\/wp-json\/wp\/v2\/comments?post=6705"}],"version-history":[{"count":0,"href":"https:\/\/ruta.cpdev.dev\/en\/wp-json\/wp\/v2\/pages\/6705\/revisions"}],"up":[{"embeddable":true,"href":"https:\/\/ruta.cpdev.dev\/en\/wp-json\/wp\/v2\/pages\/6670"}],"wp:attachment":[{"href":"https:\/\/ruta.cpdev.dev\/en\/wp-json\/wp\/v2\/media?parent=6705"}],"curies":[{"name":"wp","href":"https:\/\/api.w.org\/{rel}","templated":true}]}}