{"id":6719,"date":"2022-10-17T09:54:18","date_gmt":"2022-10-17T09:54:18","guid":{"rendered":"http:\/\/www.nauja.ruta.lt\/?page_id=6719"},"modified":"2022-10-25T08:17:07","modified_gmt":"2022-10-25T08:17:07","slug":"dessert-menu","status":"publish","type":"page","link":"https:\/\/ruta.cpdev.dev\/en\/dessert-menu\/","title":{"rendered":"Dessert menu"},"content":{"rendered":"  <div id=\"page-header-2100149943\" class=\"page-header-wrapper\">\n  <div class=\"page-title hidden dark featured-title\">\n\n        <div class=\"page-title-bg\">\n      <div class=\"title-bg fill bg-fill\"\n        data-parallax-container=\".page-title\"\n        data-parallax-background\n        data-parallax=\"-\">\n      <\/div>\n      <div class=\"title-overlay fill\"><\/div>\n    <\/div>\n    \n    <div class=\"page-title-inner container align-center text-center flex-row-col medium-flex-wrap\" >\n              <div class=\"title-wrapper flex-col\">\n          <h1 class=\"entry-title mb-0\">\n            Dessert menu          <\/h1>\n        <\/div>\n                    <div class=\"title-content flex-col\">\n        <div class=\"title-breadcrumbs pb-half pt-half\"><\/div>      <\/div>\n    <\/div>\n\n     \n<style>\n#page-header-2100149943 .page-title-inner {\n  min-height: 250px;\n}\n#page-header-2100149943 .title-bg {\n  background-image: url(https:\/\/ruta.cpdev.dev\/wp-content\/uploads\/2021\/03\/foto-min.jpg);\n}\n#page-header-2100149943 .title-overlay {\n  background-color: rgba(197, 153, 84, 0.15);\n}\n<\/style>\n  <\/div>\n    <\/div>\n  \n\t<section class=\"section\" id=\"section_1597221500\">\n\t\t<div class=\"bg section-bg fill bg-fill  bg-loaded\" >\n\n\t\t\t\n\t\t\t\n\t\t\t\n\n\t\t<\/div>\n\n\t\t\n\n\t\t<div class=\"section-content relative\">\n\t\t\t\n<div class=\"row row-collapse\"  id=\"row-565006413\">\n\n\t<div id=\"col-128224990\" class=\"col small-12 large-12\"  >\n\t\t\t\t<div class=\"col-inner\"  >\n\t\t\t\n\t\t\t\n\t<div id=\"text-670960674\" class=\"text\">\n\t\t\n<h1 style=\"color: #a39060;\">Dessert menu<\/h1>\n\t\t\n<style>\n#text-670960674 {\n  text-align: center;\n}\n<\/style>\n\t<\/div>\n\t\n<div class=\"text-center\"><div class=\"is-divider divider clearfix\" style=\"max-width:100px;\"><\/div><\/div>\n\t<div id=\"text-2209960926\" class=\"text\">\n\t\t\n<p style=\"text-align: center;\">The R\u016bta caf\u00e9 accepts advance orders for confectionery products. The caf\u00e9 experts will create special combinations of flavours to satisfy any palate . You can view the options and make your choice by trying the dessert menu.<\/p>\n\t\t\n<style>\n#text-2209960926 {\n  text-align: center;\n}\n<\/style>\n\t<\/div>\n\t\n<div class=\"text-center\"><div class=\"is-divider divider clearfix\" style=\"max-width:100px;\"><\/div><\/div>\n\t\t<\/div>\n\t\t\t\t\n<style>\n#col-128224990 > .col-inner {\n  padding: 0px 20px 0px 20px;\n}\n<\/style>\n\t<\/div>\n\n\t\n<\/div>\n\t\t<\/div>\n\n\t\t\n<style>\n#section_1597221500 {\n  padding-top: 30px;\n  padding-bottom: 30px;\n}\n<\/style>\n\t<\/section>\n\t\n<div class=\"row align-middle\"  id=\"row-215417471\">\n\n\t<div id=\"col-303706808\" class=\"col medium-6 small-12 large-6\"  >\n\t\t\t\t<div class=\"col-inner\"  >\n\t\t\t\n\t\t\t\n\t<div id=\"text-249577068\" class=\"text\">\n\t\t\n<h2>DESSERT MENU<\/h2>\n<p>&nbsp;<\/p>\n<p>You can view the desserts and make your choice here: <a href=\"https:\/\/ruta.cpdev.dev\/sites\/default\/files\/Rutos_kavines_desertu_meniu_2022.pdf\" target=\"_blank\" rel=\"noopener\">Dessert menu<\/a>.<\/p>\n<p>&nbsp;<\/p>\n<p>FOR ORDERS, PLEASE CONTACT US BY:<\/p>\n<p>E-mail: kavine@ruta.lt<br \/>\nOr phone: + 370 611 10766; + 370 616 00191<\/p>\n<p>&nbsp;<\/p>\n<p>You can order cakes ranging from 1 kg to 3 kg in weight.<br \/>\nFor bigger weights, please contact us at the indicated phone number.<\/p>\n\t\t\n<style>\n#text-249577068 {\n  text-align: center;\n}\n@media (min-width:550px) {\n  #text-249577068 {\n    text-align: right;\n  }\n}\n<\/style>\n\t<\/div>\n\t\n\t\t<\/div>\n\t\t\t\t\t<\/div>\n\n\t\n\n\t<div id=\"col-1740119566\" class=\"col medium-6 small-12 large-6\"  >\n\t\t\t\t<div class=\"col-inner\"  >\n\t\t\t\n\t\t\t\n\t<div class=\"img has-hover x md-x lg-x y md-y lg-y\" id=\"image_254711193\">\n\t\t<a class=\"\" href=\"https:\/\/ruta.cpdev.dev\/sites\/default\/files\/Rutos_kavines_desertu_meniu_2022.pdf\" target=\"_blank\" rel=\"noopener noreferrer\" >\t\t\t\t\t\t<div class=\"img-inner dark\" >\n\t\t\t<img loading=\"lazy\" decoding=\"async\" width=\"1000\" height=\"667\" src=\"https:\/\/ruta.cpdev.dev\/wp-content\/uploads\/2022\/02\/Tortas.jpg\" class=\"attachment-large size-large\" alt=\"\" srcset=\"https:\/\/ruta.cpdev.dev\/wp-content\/uploads\/2022\/02\/Tortas.jpg 1000w, https:\/\/ruta.cpdev.dev\/wp-content\/uploads\/2022\/02\/Tortas-300x200.jpg 300w, https:\/\/ruta.cpdev.dev\/wp-content\/uploads\/2022\/02\/Tortas-768x512.jpg 768w, https:\/\/ruta.cpdev.dev\/wp-content\/uploads\/2022\/02\/Tortas-247x165.jpg 247w, https:\/\/ruta.cpdev.dev\/wp-content\/uploads\/2022\/02\/Tortas-510x340.jpg 510w\" sizes=\"auto, (max-width: 1000px) 100vw, 1000px\" \/>\t\t\t\t\t\t\n\t\t\t\t\t<\/div>\n\t\t\t\t\t\t<\/a>\t\t\n<style>\n#image_254711193 {\n  width: 100%;\n}\n<\/style>\n\t<\/div>\n\t\n\t\t<\/div>\n\t\t\t\t\t<\/div>\n\n\t\n<\/div>\n","protected":false},"excerpt":{"rendered":"","protected":false},"author":2,"featured_media":0,"parent":0,"menu_order":0,"comment_status":"closed","ping_status":"closed","template":"page-blank.php","meta":{"_acf_changed":false,"footnotes":""},"class_list":["post-6719","page","type-page","status-publish","hentry"],"acf":[],"_links":{"self":[{"href":"https:\/\/ruta.cpdev.dev\/en\/wp-json\/wp\/v2\/pages\/6719","targetHints":{"allow":["GET"]}}],"collection":[{"href":"https:\/\/ruta.cpdev.dev\/en\/wp-json\/wp\/v2\/pages"}],"about":[{"href":"https:\/\/ruta.cpdev.dev\/en\/wp-json\/wp\/v2\/types\/page"}],"author":[{"embeddable":true,"href":"https:\/\/ruta.cpdev.dev\/en\/wp-json\/wp\/v2\/users\/2"}],"replies":[{"embeddable":true,"href":"https:\/\/ruta.cpdev.dev\/en\/wp-json\/wp\/v2\/comments?post=6719"}],"version-history":[{"count":0,"href":"https:\/\/ruta.cpdev.dev\/en\/wp-json\/wp\/v2\/pages\/6719\/revisions"}],"wp:attachment":[{"href":"https:\/\/ruta.cpdev.dev\/en\/wp-json\/wp\/v2\/media?parent=6719"}],"curies":[{"name":"wp","href":"https:\/\/api.w.org\/{rel}","templated":true}]}}