{"id":6768,"date":"2022-10-17T11:17:43","date_gmt":"2022-10-17T11:17:43","guid":{"rendered":"http:\/\/www.nauja.ruta.lt\/?page_id=6768"},"modified":"2022-10-25T07:04:45","modified_gmt":"2022-10-25T07:04:45","slug":"contacts","status":"publish","type":"page","link":"https:\/\/ruta.cpdev.dev\/en\/contacts\/","title":{"rendered":"Contacts"},"content":{"rendered":"\t<section class=\"section\" id=\"section_223565384\">\n\t\t<div class=\"bg section-bg fill bg-fill  bg-loaded\" >\n\n\t\t\t\n\t\t\t\n\t\t\t\n\n\t\t<\/div>\n\n\t\t\n\n\t\t<div class=\"section-content relative\">\n\t\t\t\n<div class=\"row row-collapse\"  id=\"row-1853452537\">\n\n\t<div id=\"col-1929429785\" class=\"col small-12 large-12\"  >\n\t\t\t\t<div class=\"col-inner\"  >\n\t\t\t\n\t\t\t\n\t<div id=\"text-3538183486\" class=\"text\">\n\t\t\n<h1><span data-text-color=\"primary\">Chocolate museum contacts<\/span><\/h1>\n\t\t\n<style>\n#text-3538183486 {\n  text-align: center;\n}\n<\/style>\n\t<\/div>\n\t\n\t\t<\/div>\n\t\t\t\t\t<\/div>\n\n\t\n<\/div>\n\t\t<\/div>\n\n\t\t\n<style>\n#section_223565384 {\n  padding-top: 30px;\n  padding-bottom: 30px;\n}\n<\/style>\n\t<\/section>\n\t\n\t<section class=\"section\" id=\"section_1388373903\">\n\t\t<div class=\"bg section-bg fill bg-fill  bg-loaded\" >\n\n\t\t\t\n\t\t\t\n\t\t\t\n\n\t\t<\/div>\n\n\t\t\n\n\t\t<div class=\"section-content relative\">\n\t\t\t\n<div class=\"row\"  id=\"row-79922484\">\n\n\t<div id=\"col-1139542670\" class=\"col small-12 large-12\"  >\n\t\t\t\t<div class=\"col-inner\" style=\"background-color:rgb(255, 255, 255);\" >\n\t\t\t\n\t\t\t\n\t<div id=\"gap-1712643815\" class=\"gap-element clearfix\" style=\"display:block; height:auto;\">\n\t\t\n<style>\n#gap-1712643815 {\n  padding-top: 15px;\n}\n<\/style>\n\t<\/div>\n\t\n<div class=\"row row-collapse align-equal row-solid\"  id=\"row-2129052925\">\n\n\t<div id=\"col-65959122\" class=\"col medium-6 small-12 large-3\"  >\n\t\t\t\t<div class=\"col-inner\"  >\n\t\t\t\n\t\t\t\n\t<div id=\"text-2265577386\" class=\"text\">\n\t\t\n<h5>Address<\/h5>\n<p>Til\u017e\u0117s g. 133, \u0160iauliai LT-76349, Lithuania<br \/>\n\t\t\n<style>\n#text-2265577386 {\n  text-align: center;\n}\n<\/style>\n\t<\/div>\n\t\n\t\t<\/div>\n\t\t\t\t\t<\/div>\n\n\t\n\n\t<div id=\"col-1819432052\" class=\"col medium-6 small-12 large-3\"  >\n\t\t\t\t<div class=\"col-inner\"  >\n\t\t\t\n\t\t\t\n\t<div id=\"text-3474952808\" class=\"text\">\n\t\t\n<h5>Telephone:<\/h5>\n<p><a href=\"callto:+370 41 523 212\">+370 41 523 212<\/a><br \/>\n<a href=\"callto: +370 610 41 050\">+370 610 41 050<\/a><br \/>\n\t\t\n<style>\n#text-3474952808 {\n  text-align: center;\n}\n<\/style>\n\t<\/div>\n\t\n\t\t<\/div>\n\t\t\t\t\t<\/div>\n\n\t\n\n\t<div id=\"col-956526589\" class=\"col medium-6 small-12 large-3\"  >\n\t\t\t\t<div class=\"col-inner\"  >\n\t\t\t\n\t\t\t\n\t<div id=\"text-2190277\" class=\"text\">\n\t\t\n<h5>E-mail:<\/h5>\n<p><a href=\"mailto:sokoladomuziejus@ruta.lt\">sokoladomuziejus@ruta.lt<\/a><br \/>\n\t\t\n<style>\n#text-2190277 {\n  text-align: center;\n}\n<\/style>\n\t<\/div>\n\t\n\t\t<\/div>\n\t\t\t\t\t<\/div>\n\n\t\n\n\t<div id=\"col-1471167608\" class=\"col medium-6 small-12 large-3\"  >\n\t\t\t\t<div class=\"col-inner\"  >\n\t\t\t\n\t\t\t\n\t<div id=\"text-4178647288\" class=\"text\">\n\t\t\n<h5>Working hours<\/h5>\n<p>II &#8211; V\u00a0\u00a0\u00a010:00 &#8211; 19:00<br \/>\nVI\u00a0\u00a0\u00a010:00 &#8211; 17:00<\/p>\n\t\t\n<style>\n#text-4178647288 {\n  text-align: center;\n}\n<\/style>\n\t<\/div>\n\t\n\t\t<\/div>\n\t\t\t\t\t<\/div>\n\n\t\n\n<style>\n#row-2129052925 > .col > .col-inner {\n  padding: 30px 20px 30px 20px;\n}\n<\/style>\n<\/div>\n\t<div id=\"gap-1045931508\" class=\"gap-element clearfix\" style=\"display:block; height:auto;\">\n\t\t\n<style>\n#gap-1045931508 {\n  padding-top: 15px;\n}\n<\/style>\n\t<\/div>\n\t\n<div class=\"row row-collapse\"  id=\"row-1085272029\">\n\n\t<div id=\"col-201576549\" class=\"col small-12 large-12\"  >\n\t\t\t\t<div class=\"col-inner\"  >\n\t\t\t\n\t\t\t\n<p><iframe loading=\"lazy\" style=\"border: 0;\" src=\"https:\/\/www.google.com\/maps\/embed?pb=!1m14!1m8!1m3!1d8940.539758419394!2d23.3116114!3d55.9296986!3m2!1i1024!2i768!4f13.1!3m3!1m2!1s0x0%3A0x5608319e92399b56!2z4oCeUsWrdG9z4oCcIMWhb2tvbGFkbyBtdXppZWp1cw!5e0!3m2!1slt!2slt!4v1616503268879!5m2!1slt!2slt\" width=\"100%\" height=\"350\" allowfullscreen=\"allowfullscreen\" data-mce-fragment=\"1\"><\/iframe><\/p>\n\t\t<\/div>\n\t\t\t\t\n<style>\n#col-201576549 > .col-inner {\n  padding: 0px 1px 2px 1px;\n}\n<\/style>\n\t<\/div>\n\n\t\n<\/div>\n\t\t<\/div>\n\t\t\t\t\t<\/div>\n\n\t\n<\/div>\n\t\t<\/div>\n\n\t\t\n<style>\n#section_1388373903 {\n  padding-top: 0px;\n  padding-bottom: 0px;\n}\n<\/style>\n\t<\/section>\n\t\n","protected":false},"excerpt":{"rendered":"","protected":false},"author":2,"featured_media":0,"parent":0,"menu_order":0,"comment_status":"closed","ping_status":"closed","template":"page-blank.php","meta":{"_acf_changed":false,"footnotes":""},"class_list":["post-6768","page","type-page","status-publish","hentry"],"acf":[],"_links":{"self":[{"href":"https:\/\/ruta.cpdev.dev\/en\/wp-json\/wp\/v2\/pages\/6768","targetHints":{"allow":["GET"]}}],"collection":[{"href":"https:\/\/ruta.cpdev.dev\/en\/wp-json\/wp\/v2\/pages"}],"about":[{"href":"https:\/\/ruta.cpdev.dev\/en\/wp-json\/wp\/v2\/types\/page"}],"author":[{"embeddable":true,"href":"https:\/\/ruta.cpdev.dev\/en\/wp-json\/wp\/v2\/users\/2"}],"replies":[{"embeddable":true,"href":"https:\/\/ruta.cpdev.dev\/en\/wp-json\/wp\/v2\/comments?post=6768"}],"version-history":[{"count":0,"href":"https:\/\/ruta.cpdev.dev\/en\/wp-json\/wp\/v2\/pages\/6768\/revisions"}],"wp:attachment":[{"href":"https:\/\/ruta.cpdev.dev\/en\/wp-json\/wp\/v2\/media?parent=6768"}],"curies":[{"name":"wp","href":"https:\/\/api.w.org\/{rel}","templated":true}]}}