{"id":6770,"date":"2022-10-17T11:18:35","date_gmt":"2022-10-17T11:18:35","guid":{"rendered":"http:\/\/www.nauja.ruta.lt\/?page_id=6770"},"modified":"2022-10-25T07:01:04","modified_gmt":"2022-10-25T07:01:04","slug":"contacts-2","status":"publish","type":"page","link":"https:\/\/ruta.cpdev.dev\/en\/contacts-2\/","title":{"rendered":"Contacts"},"content":{"rendered":"\t<section class=\"section\" id=\"section_1743726985\">\n\t\t<div class=\"bg section-bg fill bg-fill  bg-loaded\" >\n\n\t\t\t\n\t\t\t\n\t\t\t\n\n\t\t<\/div>\n\n\t\t\n\n\t\t<div class=\"section-content relative\">\n\t\t\t\n<div class=\"row row-collapse\"  id=\"row-1426680525\">\n\n\t<div id=\"col-1765795632\" class=\"col small-12 large-12\"  >\n\t\t\t\t<div class=\"col-inner\"  >\n\t\t\t\n\t\t\t\n\t<div id=\"text-2650645102\" class=\"text\">\n\t\t\n<h1><span data-text-color=\"primary\">Contacts<\/span><\/h1>\n\t\t\n<style>\n#text-2650645102 {\n  text-align: center;\n}\n<\/style>\n\t<\/div>\n\t\n\t\t<\/div>\n\t\t\t\t\t<\/div>\n\n\t\n<\/div>\n\t\t<\/div>\n\n\t\t\n<style>\n#section_1743726985 {\n  padding-top: 30px;\n  padding-bottom: 30px;\n}\n<\/style>\n\t<\/section>\n\t\n\t<section class=\"section\" id=\"section_1855050902\">\n\t\t<div class=\"bg section-bg fill bg-fill  bg-loaded\" >\n\n\t\t\t\n\t\t\t\n\t\t\t\n\n\t\t<\/div>\n\n\t\t\n\n\t\t<div class=\"section-content relative\">\n\t\t\t\n<div class=\"row\"  id=\"row-1276173933\">\n\n\t<div id=\"col-1135896872\" class=\"col small-12 large-12\"  >\n\t\t\t\t<div class=\"col-inner\" style=\"background-color:rgb(255, 255, 255);\" >\n\t\t\t\n\t\t\t\n<div class=\"row align-equal row-solid\"  id=\"row-448372771\">\n\n\t<div id=\"col-1258689854\" class=\"col medium-3 small-12 large-3\"  >\n\t\t\t\t<div class=\"col-inner\"  >\n\t\t\t\n\t\t\t\n\t<div id=\"text-2940520826\" class=\"text\">\n\t\t\n<h3>Address<\/h3>\n<p>Til\u017e\u0117s g. 133, \u0160iauliai LT-76349,Lietuva<\/p>\n\t\t\n<style>\n#text-2940520826 {\n  text-align: center;\n}\n<\/style>\n\t<\/div>\n\t\n\t\t<\/div>\n\t\t\t\t\t<\/div>\n\n\t\n\n\t<div id=\"col-971699146\" class=\"col medium-3 small-12 large-3\"  >\n\t\t\t\t<div class=\"col-inner\"  >\n\t\t\t\n\t\t\t\n\t<div id=\"text-2179351322\" class=\"text\">\n\t\t\n<h3>Telephone:<\/h3>\n<p><a href=\"callto:+370 616 00 191\">+370 616 00 191<\/a><\/p>\n\t\t\n<style>\n#text-2179351322 {\n  text-align: center;\n}\n<\/style>\n\t<\/div>\n\t\n\t\t<\/div>\n\t\t\t\t\t<\/div>\n\n\t\n\n\t<div id=\"col-1562558385\" class=\"col medium-3 small-12 large-3\"  >\n\t\t\t\t<div class=\"col-inner\"  >\n\t\t\t\n\t\t\t\n\t<div id=\"text-4273589345\" class=\"text\">\n\t\t\n<h3>Working hours<\/h3>\n<p>II \u2013 V\u00a0\u00a0\u00a010:00 \u2013 19:00<br \/>\nVI\u00a0\u00a0\u00a010:10 \u2013 17:00<\/p>\n\t\t\n<style>\n#text-4273589345 {\n  text-align: center;\n}\n<\/style>\n\t<\/div>\n\t\n\t\t<\/div>\n\t\t\t\t\t<\/div>\n\n\t\n\n\t<div id=\"col-782364919\" class=\"col medium-3 small-12 large-3\"  >\n\t\t\t\t<div class=\"col-inner\"  >\n\t\t\t\n\t\t\t\n\n\t\t<div class=\"icon-box featured-box icon-box-top text-left\"  >\n\t\t\t\t\t<div class=\"icon-box-img\" style=\"width: 33px\">\n\t\t\t\t<div class=\"icon\">\n\t\t\t\t\t<div class=\"icon-inner\" >\n\t\t\t\t\t\t<img loading=\"lazy\" decoding=\"async\" width=\"408\" height=\"408\" src=\"https:\/\/ruta.cpdev.dev\/wp-content\/uploads\/2021\/03\/facebook-1.svg\" class=\"attachment-medium size-medium\" alt=\"\" \/>\t\t\t\t\t<\/div>\n\t\t\t\t<\/div>\n\t\t\t<\/div>\n\t\t\t\t<div class=\"icon-box-text last-reset\">\n\t\t\t\t\t\t\t\t\t\n<p>Draugaukime! <a href=\"https:\/\/www.facebook.com\/rutoskavine\/\">facebook.com\/rutoskavine<\/a><\/p>\n\t\t<\/div>\n\t<\/div>\n\t\n\t\n\t\t<\/div>\n\t\t\t\t\t<\/div>\n\n\t\n\n<style>\n#row-448372771 > .col > .col-inner {\n  padding: 30px 20px 30px 20px;\n}\n<\/style>\n<\/div>\n\t<div id=\"gap-1191359403\" class=\"gap-element clearfix\" style=\"display:block; height:auto;\">\n\t\t\n<style>\n#gap-1191359403 {\n  padding-top: 15px;\n}\n<\/style>\n\t<\/div>\n\t\n<div class=\"row row-collapse\"  id=\"row-1652777040\">\n\n\t<div id=\"col-278927324\" class=\"col small-12 large-12\"  >\n\t\t\t\t<div class=\"col-inner\"  >\n\t\t\t\n\t\t\t\n<p><iframe loading=\"lazy\" style=\"border: 0;\" src=\"https:\/\/www.google.com\/maps\/embed?pb=!1m14!1m8!1m3!1d8940.539758419394!2d23.3116114!3d55.9296986!3m2!1i1024!2i768!4f13.1!3m3!1m2!1s0x0%3A0x5608319e92399b56!2z4oCeUsWrdG9z4oCcIMWhb2tvbGFkbyBtdXppZWp1cw!5e0!3m2!1slt!2slt!4v1616503268879!5m2!1slt!2slt\" width=\"100%\" height=\"350\" allowfullscreen=\"allowfullscreen\" data-mce-fragment=\"1\"><\/iframe><\/p>\n\t\t<\/div>\n\t\t\t\t\n<style>\n#col-278927324 > .col-inner {\n  padding: 0px 1px 1px 1px;\n}\n<\/style>\n\t<\/div>\n\n\t\n<\/div>\n\t\t<\/div>\n\t\t\t\t\n<style>\n#col-1135896872 > .col-inner {\n  padding: 0px 0px 1px 0px;\n}\n<\/style>\n\t<\/div>\n\n\t\n<\/div>\n\t\t<\/div>\n\n\t\t\n<style>\n#section_1855050902 {\n  padding-top: 0px;\n  padding-bottom: 0px;\n}\n<\/style>\n\t<\/section>\n\t\n","protected":false},"excerpt":{"rendered":"","protected":false},"author":2,"featured_media":0,"parent":0,"menu_order":0,"comment_status":"closed","ping_status":"closed","template":"page-blank.php","meta":{"_acf_changed":false,"footnotes":""},"class_list":["post-6770","page","type-page","status-publish","hentry"],"acf":[],"_links":{"self":[{"href":"https:\/\/ruta.cpdev.dev\/en\/wp-json\/wp\/v2\/pages\/6770","targetHints":{"allow":["GET"]}}],"collection":[{"href":"https:\/\/ruta.cpdev.dev\/en\/wp-json\/wp\/v2\/pages"}],"about":[{"href":"https:\/\/ruta.cpdev.dev\/en\/wp-json\/wp\/v2\/types\/page"}],"author":[{"embeddable":true,"href":"https:\/\/ruta.cpdev.dev\/en\/wp-json\/wp\/v2\/users\/2"}],"replies":[{"embeddable":true,"href":"https:\/\/ruta.cpdev.dev\/en\/wp-json\/wp\/v2\/comments?post=6770"}],"version-history":[{"count":0,"href":"https:\/\/ruta.cpdev.dev\/en\/wp-json\/wp\/v2\/pages\/6770\/revisions"}],"wp:attachment":[{"href":"https:\/\/ruta.cpdev.dev\/en\/wp-json\/wp\/v2\/media?parent=6770"}],"curies":[{"name":"wp","href":"https:\/\/api.w.org\/{rel}","templated":true}]}}