{"id":6772,"date":"2022-10-17T11:19:12","date_gmt":"2022-10-17T11:19:12","guid":{"rendered":"http:\/\/www.nauja.ruta.lt\/?page_id=6772"},"modified":"2024-01-02T13:43:38","modified_gmt":"2024-01-02T11:43:38","slug":"contacts-3","status":"publish","type":"page","link":"https:\/\/ruta.cpdev.dev\/en\/contacts-3\/","title":{"rendered":"Contacts"},"content":{"rendered":"\t<section class=\"section\" id=\"section_1208024290\">\n\t\t<div class=\"bg section-bg fill bg-fill  bg-loaded\" >\n\n\t\t\t\n\t\t\t\n\t\t\t\n\n\t\t<\/div>\n\n\t\t\n\n\t\t<div class=\"section-content relative\">\n\t\t\t\n<div class=\"row row-collapse\"  id=\"row-621560665\">\n\n\t<div id=\"col-1016306609\" class=\"col small-12 large-12\"  >\n\t\t\t\t<div class=\"col-inner\"  >\n\t\t\t\n\t\t\t\n\t<div id=\"text-2046817828\" class=\"text\">\n\t\t\n<h1><span data-text-color=\"primary\">Contacts<\/span><\/h1>\n\t\t\n<style>\n#text-2046817828 {\n  text-align: center;\n}\n<\/style>\n\t<\/div>\n\t\n\t\t<\/div>\n\t\t\t\t\t<\/div>\n\n\t\n<\/div>\n\t\t<\/div>\n\n\t\t\n<style>\n#section_1208024290 {\n  padding-top: 30px;\n  padding-bottom: 30px;\n}\n<\/style>\n\t<\/section>\n\t\n\t<section class=\"section\" id=\"section_537680179\">\n\t\t<div class=\"bg section-bg fill bg-fill  bg-loaded\" >\n\n\t\t\t\n\t\t\t\n\t\t\t\n\n\t\t<\/div>\n\n\t\t\n\n\t\t<div class=\"section-content relative\">\n\t\t\t\n<div class=\"text-center\"><div class=\"is-divider divider clearfix\" style=\"margin-top:0.3em;margin-bottom:0.3em;max-width:50px;background-color:rgb(163, 144, 96);\"><\/div><\/div>\n\t<div id=\"gap-269011843\" class=\"gap-element clearfix\" style=\"display:block; height:auto;\">\n\t\t\n<style>\n#gap-269011843 {\n  padding-top: 30px;\n}\n<\/style>\n\t<\/div>\n\t\n<div class=\"row row-collapse align-equal align-center\"  id=\"row-1555408530\">\n\n\t<div id=\"col-345157726\" class=\"col medium-4 small-12 large-4\"  >\n\t\t\t\t<div class=\"col-inner\" style=\"background-color:rgb(247, 247, 247);\" >\n\t\t\t\n\t\t\t\n\t<div id=\"text-103770469\" class=\"text\">\n\t\t\n<h2>Details<\/h2>\n<p>Company ID NO: 144696375<br \/>\nVAT ID No: LT446963716<br \/>\nA\/c: LT777044060002303238<br \/>\nBank: AB SEB bankas<br \/>\nSorte Code: 70440<br \/>\n\t\t\n<style>\n#text-103770469 {\n  text-align: center;\n}\n<\/style>\n\t<\/div>\n\t\n<div class=\"text-center\"><div class=\"is-divider divider clearfix\" style=\"margin-top:1.4em;margin-bottom:1.4em;max-width:80%;height:1px;background-color:rgb(221, 221, 221);\"><\/div><\/div>\n<h2 style=\"text-align: center\">Contacts<\/h2>\n<p style=\"text-align: center\">E-mail: <a href=\"mailto:info@ruta.lt\">info@ruta.lt<\/a><\/p>\n<p style=\"text-align: center\">Tel.: <a href=\"+370 41 52 20 45\">+370 41 52 20 45<\/a><\/p>\n<p style=\"text-align: center\">Fax: <a>+370 41 52 20 46<\/a><\/p>\n<p style=\"text-align: center\">Address: Til\u017e\u0117s g. 133, \u0160iauliai<br \/>\nLT-76349, Lietuva<\/p>\n\t\t<\/div>\n\t\t\t\t\n<style>\n#col-345157726 > .col-inner {\n  padding: 30px 0px 30px 0px;\n}\n<\/style>\n\t<\/div>\n\n\t\n\n\t<div id=\"col-785435779\" class=\"col medium-8 small-12 large-8\"  >\n\t\t\t\t<div class=\"col-inner\"  >\n\t\t\t\n\t\t\t\n<iframe loading=\"lazy\" style=\"border: 0;\" src=\"https:\/\/www.google.com\/maps\/embed?pb=!1m18!1m12!1m3!1d2235.1349407238317!2d23.309422715937473!3d55.92969858060102!2m3!1f0!2f0!3f0!3m2!1i1024!2i768!4f13.1!3m3!1m2!1s0x46e5e31d23fe2b27%3A0x5454c635fc89af2a!2zVGlsxb7El3MgZy4gMTMzLCDFoGlhdWxpYWkgNzYzNDk!5e0!3m2!1slt!2slt!4v1636984257802!5m2!1slt!2slt\" width=\"100%\" height=\"450\" allowfullscreen=\"allowfullscreen\"><\/iframe>\n\t\t<\/div>\n\t\t\t\t\t<\/div>\n\n\t\n<\/div>\n\t<div id=\"gap-1093054413\" class=\"gap-element clearfix hide-for-small\" style=\"display:block; height:auto;\">\n\t\t\n<style>\n#gap-1093054413 {\n  padding-top: 20px;\n}\n<\/style>\n\t<\/div>\n\t\n\t\t<\/div>\n\n\t\t\n<style>\n#section_537680179 {\n  padding-top: 0px;\n  padding-bottom: 0px;\n}\n<\/style>\n\t<\/section>\n\t\n\t<section class=\"section\" id=\"section_1247992993\">\n\t\t<div class=\"bg section-bg fill bg-fill  bg-loaded\" >\n\n\t\t\t\n\t\t\t\n\t\t\t\n\n\t\t<\/div>\n\n\t\t\n\n\t\t<div class=\"section-content relative\">\n\t\t\t\n\n<div class=\"text-center\"><div class=\"is-divider divider clearfix\" style=\"max-width:50px;background-color:rgb(163, 144, 96);\"><\/div><\/div>\n\t<div id=\"gap-607887084\" class=\"gap-element clearfix hide-for-small\" style=\"display:block; height:auto;\">\n\t\t\n<style>\n#gap-607887084 {\n  padding-top: 30px;\n}\n<\/style>\n\t<\/div>\n\t\n<div class=\"row\"  id=\"row-1988271534\">\n\n\t<div id=\"col-418855149\" class=\"col medium-4 small-12 large-4\"  >\n\t\t\t\t<div class=\"col-inner\"  >\n\t\t\t\n\t\t\t\n<h2 style=\"text-align: center\">Administration<\/h2>\n<p style=\"text-align: center\">Tel. <a href=\"+370 41 52 49 50\">+370 41 52 49 50<\/a><\/p>\n<p style=\"text-align: center\">Mob. tel. <a href=\"+370 616 36 506\">+370 616 36 506<\/a><\/p>\n<p style=\"text-align: center\">E-mail <a href=\"mailto:kokybe@ruta.lt\">info@ruta.lt<\/a><\/p>\n\t\t<\/div>\n\t\t\t\t\t<\/div>\n\n\t\n\n\t<div id=\"col-1680309209\" class=\"col medium-4 small-12 large-4\"  >\n\t\t\t\t<div class=\"col-inner\"  >\n\t\t\t\n\t\t\t\n\t<div id=\"text-4083982727\" class=\"text\">\n\t\t\n<h2 style=\"text-align: center\">Sales<\/h2>\n<p>Tel.\u00a0<a href=\"https:\/\/ruta.cpdev.dev\/kontaktai\/+370%2041%2052%2030%2073\">+ 370 41 52 30 73<\/a><\/p>\n<p>Mob. tel.\u00a0<a href=\"https:\/\/ruta.cpdev.dev\/kontaktai\/+370%20615%2024%20244\">+ 370 615 24 244<\/a><\/p>\n<p>E-mail <a href=\"mailto:pardavimai@ruta.lt\">pardavimai@ruta.lt<\/a><\/p>\n\t\t\n<style>\n#text-4083982727 {\n  text-align: center;\n}\n<\/style>\n\t<\/div>\n\t\n\t\t<\/div>\n\t\t\t\t\t<\/div>\n\n\t\n\n\t<div id=\"col-2136619333\" class=\"col medium-4 small-12 large-4\"  >\n\t\t\t\t<div class=\"col-inner\"  >\n\t\t\t\n\t\t\t\n\t<div id=\"text-42404513\" class=\"text\">\n\t\t\n<h2 style=\"text-align: center\">E-shop<\/h2>\n<p>Mob. tel. <a href=\"http:\/\/+%20370%20612%2026%20306\/\" data-wplink-url-error=\"true\">+ 370 612 26 306<\/a><\/p>\n<p>E-mail <a href=\"mailto:pardavimai@ruta.lt\">pagalba@ruta.lt<\/a><\/p>\n\t\t\n<style>\n#text-42404513 {\n  text-align: center;\n}\n<\/style>\n\t<\/div>\n\t\n\t\t<\/div>\n\t\t\t\t\t<\/div>\n\n\t\n<\/div>\n\t<div id=\"gap-477275445\" class=\"gap-element clearfix hide-for-small\" style=\"display:block; height:auto;\">\n\t\t\n<style>\n#gap-477275445 {\n  padding-top: 50px;\n}\n<\/style>\n\t<\/div>\n\t\n<div class=\"row\"  id=\"row-1425709628\">\n\n\t<div id=\"col-116889009\" class=\"col medium-4 small-12 large-4\"  >\n\t\t\t\t<div class=\"col-inner\"  >\n\t\t\t\n\t\t\t\n\t<div id=\"text-1643891619\" class=\"text\">\n\t\t\n<h2 style=\"text-align: center\">Business gifts<\/h2>\n<p>Tel.\u00a0<a href=\"https:\/\/ruta.cpdev.dev\/kontaktai\/+370%2041%2052%2020%2045\">+ 370 41 52 20 45<\/a><\/p>\n<p>Mob. tel. + 370 687 50 253\u00a0<\/p>\n<p>+ 370 620 35 636<\/p>\n<p>E-mail <a href=\"mailto:projektai@ruta.lt\">projektai@ruta.lt<\/a><\/p>\n\t\t\n<style>\n#text-1643891619 {\n  text-align: center;\n}\n<\/style>\n\t<\/div>\n\t\n\t\t<\/div>\n\t\t\t\t\t<\/div>\n\n\t\n\n\t<div id=\"col-1389449658\" class=\"col medium-4 small-12 large-4\"  >\n\t\t\t\t<div class=\"col-inner\"  >\n\t\t\t\n\t\t\t\n\t<div id=\"text-1397692674\" class=\"text\">\n\t\t\n<h2 style=\"text-align: center\">Export<\/h2>\n<p>Tel.\u00a0<a href=\"https:\/\/ruta.cpdev.dev\/kontaktai\/+370%2041%2052%2020%2045\">+ 370 41 52 20 45<\/a><\/p>\n<p>Mob. tel.\u00a0<a href=\"https:\/\/ruta.cpdev.dev\/kontaktai\/+370%20694%2005%20983\">+ 370 694 05 983<\/a><\/p>\n<p>E-mail <a href=\"mailto:export@ruta.lt\">export@ruta.lt<\/a><\/p>\n\t\t\n<style>\n#text-1397692674 {\n  text-align: center;\n}\n<\/style>\n\t<\/div>\n\t\n\t\t<\/div>\n\t\t\t\t\t<\/div>\n\n\t\n\n\t<div id=\"col-604520389\" class=\"col medium-4 small-12 large-4\"  >\n\t\t\t\t<div class=\"col-inner\"  >\n\t\t\t\n\t\t\t\n\t<div id=\"text-1903854420\" class=\"text\">\n\t\t\n<h2 style=\"text-align: center\">Quality<\/h2>\n<p>Tel.\u00a0<a href=\"https:\/\/ruta.cpdev.dev\/kontaktai\/+370%2041%2052%2049%2050\">+ 370 41 52 49 50<\/a><\/p>\n<p>Mob. tel.\u00a0<a href=\"https:\/\/ruta.cpdev.dev\/kontaktai\/+370%20616%2036%20506\">+ 370 616 36 506<\/a><\/p>\n<p>E-mail <a href=\"mailto:kokybe@ruta.lt\">kokybe@ruta.lt<\/a><\/p>\n\t\t\n<style>\n#text-1903854420 {\n  text-align: center;\n}\n<\/style>\n\t<\/div>\n\t\n\t\t<\/div>\n\t\t\t\t\t<\/div>\n\n\t\n<\/div>\n\t<div id=\"gap-649880407\" class=\"gap-element clearfix hide-for-small\" style=\"display:block; height:auto;\">\n\t\t\n<style>\n#gap-649880407 {\n  padding-top: 50px;\n}\n<\/style>\n\t<\/div>\n\t\n<div class=\"row\"  id=\"row-594705050\">\n\n\t<div id=\"col-1685024164\" class=\"col medium-4 small-12 large-4\"  >\n\t\t\t\t<div class=\"col-inner\"  >\n\t\t\t\n\t\t\t\n\t<div id=\"text-2366442652\" class=\"text\">\n\t\t\n<h2 style=\"text-align: center\">Marketing<\/h2>\n<p>Tel.\u00a0<a href=\"https:\/\/ruta.cpdev.dev\/kontaktai\/+370%2041%2052%2020%2045\">+ 370 41 52 20 45<\/a><\/p>\n<p>Mob. tel.\u00a0<a href=\"https:\/\/ruta.cpdev.dev\/kontaktai\/+370%20652%2040%20679\">+ 370 652 40 679<\/a><\/p>\n<p>E-mail <a href=\"mailto:marketingas@ruta.lt\">marketingas@ruta.lt<\/a><\/p>\n\t\t\n<style>\n#text-2366442652 {\n  text-align: center;\n}\n<\/style>\n\t<\/div>\n\t\n\t\t<\/div>\n\t\t\t\t\t<\/div>\n\n\t\n\n\t<div id=\"col-1536447615\" class=\"col medium-4 small-12 large-4\"  >\n\t\t\t\t<div class=\"col-inner\"  >\n\t\t\t\n\t\t\t\n\t<div id=\"text-375835860\" class=\"text\">\n\t\t\n<h2 style=\"text-align: center\">Personnel<\/h2>\n<p>Tel. <a href=\"+370 41 52 20 45\">+370 41 52 20 45<\/a><\/p>\n<p>Mob. tel. <a href=\"+370 620 80 181\">+370 620 80 181<\/a><\/p>\n<p>E-mail <a href=\"mailto:personalas@ruta.lt\">personalas@ruta.lt<\/a><\/p>\n\t\t\n<style>\n#text-375835860 {\n  text-align: center;\n}\n<\/style>\n\t<\/div>\n\t\n\t\t<\/div>\n\t\t\t\t\t<\/div>\n\n\t\n\n\t<div id=\"col-906991496\" class=\"col medium-4 small-12 large-4\"  >\n\t\t\t\t<div class=\"col-inner\"  >\n\t\t\t\n\t\t\t\n\t<div id=\"text-1875712443\" class=\"text\">\n\t\t\n<h2 style=\"text-align: center\">Accounting<\/h2>\n<p>Tel.\u00a0<a href=\"https:\/\/ruta.cpdev.dev\/kontaktai\/+370%2041%2052%2020%2045\">+ 370 41 52 20 45<\/a><\/p>\n<p>Mob. tel.\u00a0<a href=\"https:\/\/ruta.cpdev.dev\/kontaktai\/+370%20612%2034%20752\">+ 370 612 34 752<\/a><\/p>\n<p>E-mail <a href=\"mailto:buhalterija@ruta.lt\">buhalterija@ruta.lt<\/a><\/p>\n\t\t\n<style>\n#text-1875712443 {\n  text-align: center;\n}\n<\/style>\n\t<\/div>\n\t\n\t\t<\/div>\n\t\t\t\t\t<\/div>\n\n\t\n<\/div>\n\t<div id=\"gap-1379577937\" class=\"gap-element clearfix hide-for-small\" style=\"display:block; height:auto;\">\n\t\t\n<style>\n#gap-1379577937 {\n  padding-top: 50px;\n}\n<\/style>\n\t<\/div>\n\t\n<div class=\"row align-center\"  id=\"row-443736656\">\n\n\t<div id=\"col-1474600949\" class=\"col medium-4 small-12 large-4\"  >\n\t\t\t\t<div class=\"col-inner\"  >\n\t\t\t\n\t\t\t\n\t<div id=\"text-1955140515\" class=\"text\">\n\t\t\n<h2 style=\"text-align: center\">Chocolate museum<\/h2>\n<p>Tel.\u00a0<a href=\"https:\/\/ruta.cpdev.dev\/kontaktai\/+370%2041%20523%20212\">+ 370 41 523 212<\/a><\/p>\n<p>Mob. tel.\u00a0<a href=\"https:\/\/ruta.cpdev.dev\/kontaktai\/+370%20610%2041%20050\">+ 370 610 41 050<\/a><\/p>\n<p>E-mail <a href=\"mailto:sokoladomuziejus@ruta.lt\">sokoladomuziejus@ruta.lt<\/a><\/p>\n\t\t\n<style>\n#text-1955140515 {\n  text-align: center;\n}\n<\/style>\n\t<\/div>\n\t\n\t\t<\/div>\n\t\t\t\t\t<\/div>\n\n\t\n\n\t<div id=\"col-2134245433\" class=\"col medium-4 small-12 large-4\"  >\n\t\t\t\t<div class=\"col-inner\"  >\n\t\t\t\n\t\t\t\n\t<div id=\"text-2596721769\" class=\"text\">\n\t\t\n<h2 style=\"text-align: center\">Cafe<\/h2>\n<p>Tel.\u00a0<a href=\"https:\/\/ruta.cpdev.dev\/kontaktai\/+370%20616%2000%20191\">+ 370 616 00 191<\/a><\/p>\n<p>Mob. tel.\u00a0<a href=\"https:\/\/ruta.cpdev.dev\/kontaktai\/+370%20611%2010%20766\">+ 370 611 10 766<\/a><\/p>\n<p>E-mail <a href=\"mailto:kavine@ruta.lt\">kavine@ruta.lt<\/a><\/p>\n\t\t\n<style>\n#text-2596721769 {\n  text-align: center;\n}\n<\/style>\n\t<\/div>\n\t\n\t\t<\/div>\n\t\t\t\t\t<\/div>\n\n\t\n\n\t<div id=\"col-656301352\" class=\"col medium-4 small-12 large-4\"  >\n\t\t\t\t<div class=\"col-inner\"  >\n\t\t\t\n\t\t\t\n\t<div id=\"text-1980690276\" class=\"text\">\n\t\t\n<h2 style=\"text-align: center\">Purchases<\/h2>\n<p>Tel.\u00a0<a href=\"https:\/\/ruta.cpdev.dev\/kontaktai\/+370%2041%2052%2030%2063\">+ 370 41 52 30 63<\/a><\/p>\n<p>Mob. tel.\u00a0<a href=\"https:\/\/ruta.cpdev.dev\/kontaktai\/+370%20698%2006%20541\">+ 370 698 06 541<\/a><\/p>\n<p>E-mail <a href=\"mailto:pirkimai@ruta.lt\">pirkimai@ruta.lt<\/a><\/p>\n\t\t\n<style>\n#text-1980690276 {\n  text-align: center;\n}\n<\/style>\n\t<\/div>\n\t\n\t\t<\/div>\n\t\t\t\t\t<\/div>\n\n\t\n<\/div>\n\t\t<\/div>\n\n\t\t\n<style>\n#section_1247992993 {\n  padding-top: 0px;\n  padding-bottom: 0px;\n}\n<\/style>\n\t<\/section>\n\t\n","protected":false},"excerpt":{"rendered":"","protected":false},"author":2,"featured_media":0,"parent":0,"menu_order":0,"comment_status":"closed","ping_status":"closed","template":"page-blank.php","meta":{"_acf_changed":false,"footnotes":""},"class_list":["post-6772","page","type-page","status-publish","hentry"],"acf":[],"_links":{"self":[{"href":"https:\/\/ruta.cpdev.dev\/en\/wp-json\/wp\/v2\/pages\/6772","targetHints":{"allow":["GET"]}}],"collection":[{"href":"https:\/\/ruta.cpdev.dev\/en\/wp-json\/wp\/v2\/pages"}],"about":[{"href":"https:\/\/ruta.cpdev.dev\/en\/wp-json\/wp\/v2\/types\/page"}],"author":[{"embeddable":true,"href":"https:\/\/ruta.cpdev.dev\/en\/wp-json\/wp\/v2\/users\/2"}],"replies":[{"embeddable":true,"href":"https:\/\/ruta.cpdev.dev\/en\/wp-json\/wp\/v2\/comments?post=6772"}],"version-history":[{"count":10,"href":"https:\/\/ruta.cpdev.dev\/en\/wp-json\/wp\/v2\/pages\/6772\/revisions"}],"predecessor-version":[{"id":153634,"href":"https:\/\/ruta.cpdev.dev\/en\/wp-json\/wp\/v2\/pages\/6772\/revisions\/153634"}],"wp:attachment":[{"href":"https:\/\/ruta.cpdev.dev\/en\/wp-json\/wp\/v2\/media?parent=6772"}],"curies":[{"name":"wp","href":"https:\/\/api.w.org\/{rel}","templated":true}]}}