{"id":122085,"date":"2025-06-10T03:47:09","date_gmt":"2025-06-10T00:47:09","guid":{"rendered":"https:\/\/www.ruta.lt\/produktai\/collection-of-chocolates-didziuju-kunigaiksciu-pagundos-110-g-seduction-of-the-great-dukes\/"},"modified":"2025-06-10T03:47:09","modified_gmt":"2025-06-10T00:47:09","slug":"collection-of-chocolates-didziuju-kunigaiksciu-pagundos-110-g-seduction-of-the-great-dukes","status":"publish","type":"product","link":"https:\/\/ruta.cpdev.dev\/en\/produktai\/collection-of-chocolates-didziuju-kunigaiksciu-pagundos-110-g-seduction-of-the-great-dukes\/","title":{"rendered":"Collection of Chocolates &#8220;Did\u017ei\u0173j\u0173 kunigaik\u0161\u010di\u0173 pagundos&#8221;, 110&nbsp;g (Seduction of the Great Dukes)"},"content":{"rendered":"<p align=\"justify\">Handmade chocolate collection Did\u017ei\u0173j\u0173 Kunigaik\u0161\u010di\u0173 Pagundos are an excellent souvenir and gift. The chocolates have been created under unique recipes and information on the ducal cuisine culture available at the Museum of the Grand Dukes of Lithuania. The package design mimics the exclusive and original design of the 465g box of chocolate collection Did\u017ei\u0173j\u0173 Kunigaik\u0161\u010di\u0173 Pagundos.<\/p>\n<p>In this collection you will find chocolates with fillings that come in four flavours: mango puree and white chocolate cream with saffron, white chocolate and plum, almond, and hazelnut praline with hazelnuts.<\/p>\n","protected":false},"excerpt":{"rendered":"<p align=\"justify\">\n","protected":false},"featured_media":9312,"comment_status":"open","ping_status":"closed","template":"","meta":{"_acf_changed":false},"product_cat":[191,201,126,20],"product_tag":[],"class_list":{"0":"post-122085","1":"product","2":"type-product","3":"status-publish","4":"has-post-thumbnail","6":"product_cat-sweets-in-boxes","7":"product_cat-chocolate","8":"product_cat-sokoladiniai","9":"product_cat-saldainiai-dezutese","11":"first","12":"instock","13":"taxable","14":"shipping-taxable","15":"purchasable","16":"product-type-simple"},"acf":[],"_links":{"self":[{"href":"https:\/\/ruta.cpdev.dev\/en\/wp-json\/wp\/v2\/product\/122085","targetHints":{"allow":["GET"]}}],"collection":[{"href":"https:\/\/ruta.cpdev.dev\/en\/wp-json\/wp\/v2\/product"}],"about":[{"href":"https:\/\/ruta.cpdev.dev\/en\/wp-json\/wp\/v2\/types\/product"}],"replies":[{"embeddable":true,"href":"https:\/\/ruta.cpdev.dev\/en\/wp-json\/wp\/v2\/comments?post=122085"}],"wp:featuredmedia":[{"embeddable":true,"href":"https:\/\/ruta.cpdev.dev\/en\/wp-json\/wp\/v2\/media\/9312"}],"wp:attachment":[{"href":"https:\/\/ruta.cpdev.dev\/en\/wp-json\/wp\/v2\/media?parent=122085"}],"wp:term":[{"taxonomy":"product_cat","embeddable":true,"href":"https:\/\/ruta.cpdev.dev\/en\/wp-json\/wp\/v2\/product_cat?post=122085"},{"taxonomy":"product_tag","embeddable":true,"href":"https:\/\/ruta.cpdev.dev\/en\/wp-json\/wp\/v2\/product_tag?post=122085"}],"curies":[{"name":"wp","href":"https:\/\/api.w.org\/{rel}","templated":true}]}}