{"id":157900,"date":"2025-06-10T04:02:11","date_gmt":"2025-06-10T01:02:11","guid":{"rendered":"https:\/\/www.ruta.lt\/?post_type=product&#038;p=157900"},"modified":"2025-06-10T04:02:11","modified_gmt":"2025-06-10T01:02:11","slug":"chocolate-collection-butterflies-180-g","status":"publish","type":"product","link":"https:\/\/ruta.cpdev.dev\/en\/produktai\/chocolate-collection-butterflies-180-g\/","title":{"rendered":"Chocolate Collection \u201cButterflies\u201d, 180&nbsp;g"},"content":{"rendered":"<p align=\"justify\">\u201eR\u016btos\u201c \u0161okolado meistrai pristato nauj\u0105 eleganti\u0161ko dizaino gamini\u0173 linij\u0105 \u201eDrugeliai\u201c. <\/p>\n<p>\u0160okoladini\u0173 saldaini\u0173 rinkinyje \u201eDrugeliai\u201c rasite 5-i\u0173 skoni\u0173 \u0161okoladinius saldainius su \u0161iais \u012fdarais: kvapi\u0173j\u0173 mandarin\u0173, s\u016brio, lazdyno rie\u0161ut\u0173 ir smulkint\u0173 kakavos pupeli\u0173, pasiflor\u0173, kar\u010diojo \u0161okolado. <\/p>\n<p>I\u0161 viso rinkinyje \u2013 18 \u017eaisming\u0173 form\u0173 saldaini\u0173. Saldainiai pateikti dviej\u0173 auk\u0161t\u0173 d\u0117\u017eut\u0117je su kerin\u010diu drugeliu. <\/p>\n<p>\u2013 Rinkin\u012f sudaro 5-i\u0173 skoni\u0173 \u0161okolado saldainiai.<br \/>\n\u2013 I\u0161 viso \u2013 18 saldaini\u0173.<br \/>\n\u2013 Dviej\u0173 auk\u0161t\u0173 d\u0117\u017eut\u0117.<\/p>\n","protected":false},"excerpt":{"rendered":"<p align=\"justify\">\u0160okoladini\u0173 saldaini\u0173 rinkinys eleganti\u0161ko dizaino, dviej\u0173 auk\u0161t\u0173 d\u0117\u017eut\u0117je su kerin\u010diu drugeliu. I\u0161 viso rinkinyje \u2013 18 \u017eaisming\u0173 form\u0173 saldaini\u0173.<\/p>\n","protected":false},"featured_media":157892,"comment_status":"open","ping_status":"closed","template":"","meta":{"_acf_changed":false},"product_cat":[191,201,126,20],"product_tag":[],"class_list":{"0":"post-157900","1":"product","2":"type-product","3":"status-publish","4":"has-post-thumbnail","6":"product_cat-sweets-in-boxes","7":"product_cat-chocolate","8":"product_cat-sokoladiniai","9":"product_cat-saldainiai-dezutese","11":"first","12":"instock","13":"taxable","14":"shipping-taxable","15":"purchasable","16":"product-type-simple"},"acf":[],"_links":{"self":[{"href":"https:\/\/ruta.cpdev.dev\/en\/wp-json\/wp\/v2\/product\/157900","targetHints":{"allow":["GET"]}}],"collection":[{"href":"https:\/\/ruta.cpdev.dev\/en\/wp-json\/wp\/v2\/product"}],"about":[{"href":"https:\/\/ruta.cpdev.dev\/en\/wp-json\/wp\/v2\/types\/product"}],"replies":[{"embeddable":true,"href":"https:\/\/ruta.cpdev.dev\/en\/wp-json\/wp\/v2\/comments?post=157900"}],"wp:featuredmedia":[{"embeddable":true,"href":"https:\/\/ruta.cpdev.dev\/en\/wp-json\/wp\/v2\/media\/157892"}],"wp:attachment":[{"href":"https:\/\/ruta.cpdev.dev\/en\/wp-json\/wp\/v2\/media?parent=157900"}],"wp:term":[{"taxonomy":"product_cat","embeddable":true,"href":"https:\/\/ruta.cpdev.dev\/en\/wp-json\/wp\/v2\/product_cat?post=157900"},{"taxonomy":"product_tag","embeddable":true,"href":"https:\/\/ruta.cpdev.dev\/en\/wp-json\/wp\/v2\/product_tag?post=157900"}],"curies":[{"name":"wp","href":"https:\/\/api.w.org\/{rel}","templated":true}]}}