{"id":162107,"date":"2025-06-10T04:22:45","date_gmt":"2025-06-10T01:22:45","guid":{"rendered":"https:\/\/www.ruta.lt\/?post_type=product&#038;p=162107"},"modified":"2025-06-10T04:22:45","modified_gmt":"2025-06-10T01:22:45","slug":"chocolate-collection-ruta-1913-time-tasted-165-g","status":"publish","type":"product","link":"https:\/\/ruta.cpdev.dev\/en\/produktai\/chocolate-collection-ruta-1913-time-tasted-165-g\/","title":{"rendered":"Chocolate Collection \u201eR\u016aTA 1913. Time tasted!\u201c, 165&nbsp;g"},"content":{"rendered":"<p align=\"justify\">Saldaini\u0173 fabrikas \u201eR\u016bta\u201c pristato atnaujint\u0105 ir naujienomis papildyt\u0105 klasikin\u0119 gamini\u0173 linij\u0105 \u201eR\u016bta 1913. Laiko i\u0161m\u0117gintas skonis!\u201d.  <\/p>\n<p>\u0160i gamini\u0173 linija sukurta norint pabr\u0117\u017eti \u201eR\u016btos\u201c gamini\u0173 unikalum\u0105, auk\u0161\u010diausi\u0105 \u0161okolado kokyb\u0119 ir laiko i\u0161m\u0117gint\u0105 gamini\u0173 skon\u012f. Eleganti\u0161ko dizaino d\u0117\u017eut\u0117se, kurias puo\u0161ia aukso spalvos detal\u0117s \u2013 \u012fvairi\u0173 r\u016b\u0161i\u0173 \u0161okoladiniai saldainiai. Saldaini\u0173 linijos i\u0161skirtinum\u0105 \u012fprasmina dizaine naudojami elementai: 1913 m. \u2013 \u012fmon\u0117s \u012fk\u016brimo metai, \u012fmon\u0117s \u0161\u016bkis, fabriko \u201eR\u016bta\u201c \u012fk\u016br\u0117jo para\u0161as ir d\u0117\u017eut\u0117s viduje u\u017era\u0161yta legenda apie \u012fmon\u0119.<\/p>\n<p>Saldaini\u0173 rinkin\u012f sudaro 5-i\u0173 r\u016b\u0161i\u0173 \u0161okoladiniai saldainiai su \u0161iais \u012fdarais: tra\u0161kiu lazdyno rie\u0161ut\u0173, s\u016brio, vyno Marsala ir baltojo \u0161okolado, \u0161okolado ir juod\u0173j\u0173 serbent\u0173, \u0161ampaniniu. Atraskite ir m\u0117gaukit\u0117s ypatingo skonio deriniais!<br \/>\n\u2013 5 nepriekai\u0161tingi skoniai.<br \/>\n\u2013 15 \u0161okoladini\u0173 saldaini\u0173.<br \/>\n\u2013 Eleganti\u0161kas dizainas.<\/p>\n","protected":false},"excerpt":{"rendered":"<p align=\"justify\">Rinkin\u012f sudaro 5-i\u0173 r\u016b\u0161i\u0173 \u0161okoladiniai saldainiai su \u0161iais \u012fdarais: tra\u0161kiu lazdyno rie\u0161ut\u0173, s\u016brio, vyno <i>Marsala<\/i> ir baltojo \u0161okolado, \u0161okolado ir juod\u0173j\u0173 serbent\u0173, \u0161ampaniniu.<\/p>\n","protected":false},"featured_media":162105,"comment_status":"open","ping_status":"closed","template":"","meta":{"_acf_changed":false},"product_cat":[191,201,126,20],"product_tag":[],"class_list":{"0":"post-162107","1":"product","2":"type-product","3":"status-publish","4":"has-post-thumbnail","6":"product_cat-sweets-in-boxes","7":"product_cat-chocolate","8":"product_cat-sokoladiniai","9":"product_cat-saldainiai-dezutese","11":"first","12":"instock","13":"taxable","14":"shipping-taxable","15":"purchasable","16":"product-type-simple"},"acf":[],"_links":{"self":[{"href":"https:\/\/ruta.cpdev.dev\/en\/wp-json\/wp\/v2\/product\/162107","targetHints":{"allow":["GET"]}}],"collection":[{"href":"https:\/\/ruta.cpdev.dev\/en\/wp-json\/wp\/v2\/product"}],"about":[{"href":"https:\/\/ruta.cpdev.dev\/en\/wp-json\/wp\/v2\/types\/product"}],"replies":[{"embeddable":true,"href":"https:\/\/ruta.cpdev.dev\/en\/wp-json\/wp\/v2\/comments?post=162107"}],"wp:featuredmedia":[{"embeddable":true,"href":"https:\/\/ruta.cpdev.dev\/en\/wp-json\/wp\/v2\/media\/162105"}],"wp:attachment":[{"href":"https:\/\/ruta.cpdev.dev\/en\/wp-json\/wp\/v2\/media?parent=162107"}],"wp:term":[{"taxonomy":"product_cat","embeddable":true,"href":"https:\/\/ruta.cpdev.dev\/en\/wp-json\/wp\/v2\/product_cat?post=162107"},{"taxonomy":"product_tag","embeddable":true,"href":"https:\/\/ruta.cpdev.dev\/en\/wp-json\/wp\/v2\/product_tag?post=162107"}],"curies":[{"name":"wp","href":"https:\/\/api.w.org\/{rel}","templated":true}]}}