{"id":167925,"date":"2025-06-10T04:29:20","date_gmt":"2025-06-10T01:29:20","guid":{"rendered":"https:\/\/www.ruta.lt\/?post_type=product&#038;p=167925"},"modified":"2025-06-10T04:29:20","modified_gmt":"2025-06-10T01:29:20","slug":"dark-chocolate-collection-ruta-160-g","status":"publish","type":"product","link":"https:\/\/ruta.cpdev.dev\/en\/produktai\/dark-chocolate-collection-ruta-160-g\/","title":{"rendered":"Dark chocolate collection \u201eR\u016aTA\u201c, 160&nbsp;g"},"content":{"rendered":"<p align=\"justify\">Pristatome nauj\u0105 klasikin\u0117s linijos \u201eR\u016bta\u201c rinkin\u012f, kuriame \u2013 tik juodojo \u0161okolado saldaini\u0173 deriniai!<\/p>\n<p>\u0160okolado gamini\u0173 linija \u201eR\u016bta\u201c \u2013\u00a0tai daugiau kaip \u0161imto met\u0173 patirties rezultatas, auk\u0161ta kokyb\u0117 ir tradicij\u0173 puosel\u0117jimas. Linijos gaminiai reprezentuoja i\u0161skirtines saldaini\u0173 fabriko \u201eR\u016bta\u201c vertybes \u2013 i\u0161manym\u0105, darb\u0161tum\u0105 ir meil\u0119 saldainiams. Naujausiame rank\u0173 darbo saldaini\u0173 rinkinyje rasite nepriekai\u0161tingai parinktus, prabangius ir labai i\u0161rai\u0161kingus skoni\u0173 derinius.<\/p>\n<p>I\u0161skirtinio dizaino, aukso spalvos elementais papuo\u0161toje d\u0117\u017eut\u0117je \u2013 15 juodojo \u0161okolado saldaini\u0173 su 6-iais kruop\u0161\u010diai suderintais \u012fdarais: s\u016brio, si\u010duano pipir\u0173, d\u017eiovint\u0173 slyv\u0173, \u0161okolado ir juod\u0173j\u0173 serbent\u0173, <i>Ruby<\/i> \u0161okolado ir avie\u010di\u0173, vy\u0161nios <i>Griottines<\/i> ir maskarpon\u0117s. Atraskite ir m\u0117gaukit\u0117s laikui nepavald\u017eiais, \u201eR\u016btos\u201c \u0161okolado meistr\u0173 sukurtais skoniais!<\/p>\n<p>\u2013 \u0160okolade kakavos saus\u0173j\u0173 med\u017eiag\u0173 \u2013 ne ma\u017eiau kaip 55&nbsp;%.<br \/>\n\u2013 Skaidulini\u0173 med\u017eiag\u0173 \u0161altinis.<br \/>\n\u2013 15 rank\u0173 darbo saldaini\u0173.<br \/>\n\u2013 6 nepriekai\u0161tingi skoniai.<br \/>\n\u2013 Visuose saldaini\u0173 \u012fdaruose yra alkoholio, n\u0117ra palmi\u0173 riebal\u0173.<\/p>\n","protected":false},"excerpt":{"rendered":"<p align=\"justify\">I\u0161skirtinio dizaino, aukso spalvos elementais papuo\u0161toje d\u0117\u017eut\u0117je \u2013 15 juodojo \u0161okolado saldaini\u0173 su 6-iais kruop\u0161\u010diai suderintais \u012fdarais: s\u016brio, si\u010duano pipir\u0173, d\u017eiovint\u0173 slyv\u0173, \u0161okolado ir juod\u0173j\u0173 serbent\u0173, <i>Ruby<\/i> \u0161okolado ir avie\u010di\u0173, vy\u0161nios <i>Griottines<\/i> ir maskarpon\u0117s.<\/p>\n","protected":false},"featured_media":167923,"comment_status":"open","ping_status":"closed","template":"","meta":{"_acf_changed":false},"product_cat":[191,201,126,20],"product_tag":[],"class_list":{"0":"post-167925","1":"product","2":"type-product","3":"status-publish","4":"has-post-thumbnail","6":"product_cat-sweets-in-boxes","7":"product_cat-chocolate","8":"product_cat-sokoladiniai","9":"product_cat-saldainiai-dezutese","11":"first","12":"instock","13":"taxable","14":"shipping-taxable","15":"purchasable","16":"product-type-simple"},"acf":[],"_links":{"self":[{"href":"https:\/\/ruta.cpdev.dev\/en\/wp-json\/wp\/v2\/product\/167925","targetHints":{"allow":["GET"]}}],"collection":[{"href":"https:\/\/ruta.cpdev.dev\/en\/wp-json\/wp\/v2\/product"}],"about":[{"href":"https:\/\/ruta.cpdev.dev\/en\/wp-json\/wp\/v2\/types\/product"}],"replies":[{"embeddable":true,"href":"https:\/\/ruta.cpdev.dev\/en\/wp-json\/wp\/v2\/comments?post=167925"}],"wp:featuredmedia":[{"embeddable":true,"href":"https:\/\/ruta.cpdev.dev\/en\/wp-json\/wp\/v2\/media\/167923"}],"wp:attachment":[{"href":"https:\/\/ruta.cpdev.dev\/en\/wp-json\/wp\/v2\/media?parent=167925"}],"wp:term":[{"taxonomy":"product_cat","embeddable":true,"href":"https:\/\/ruta.cpdev.dev\/en\/wp-json\/wp\/v2\/product_cat?post=167925"},{"taxonomy":"product_tag","embeddable":true,"href":"https:\/\/ruta.cpdev.dev\/en\/wp-json\/wp\/v2\/product_tag?post=167925"}],"curies":[{"name":"wp","href":"https:\/\/api.w.org\/{rel}","templated":true}]}}