{"id":168864,"date":"2025-06-10T05:12:47","date_gmt":"2025-06-10T02:12:47","guid":{"rendered":"https:\/\/www.ruta.lt\/?post_type=product&#038;p=168864"},"modified":"2025-06-10T05:12:47","modified_gmt":"2025-06-10T02:12:47","slug":"chocolate-collection-secret-garden-150-g","status":"publish","type":"product","link":"https:\/\/ruta.cpdev.dev\/en\/produktai\/chocolate-collection-secret-garden-150-g\/","title":{"rendered":"Chocolate Collection SECRET GARDEN, 150&nbsp;g"},"content":{"rendered":"<p align=\"justify\">Inspired by the artist, Algis Kri\u0161\u010di\u016bnas, and his extraordinary works, the R\u016bta confectionery factory has created a unique range of products. The packaging is decorated with the artist&#8217;s paintings, full of experience, hidden messages, and meaning.<\/p>\n<p>Bright and expressive, romantic and mysterious, Kri\u0161\u010di\u016bnas&#8217; paintings have, without a doubt, found a place in the hearts of art lovers, and now they are also sure to find a place in the hearts of chocolate gourmets. Take the chance to learn more about his work through our exclusive products, and embark on a journey of flavours which are full of adventures, inspiration, and a little bit of mystery.<\/p>\n<p>The \u2018SECRET GARDEN\u2019 chocolate collection includes chocolate sweets in four different flavours. A fox hides in a mystical garden of multicoloured flowers, with expressive confectionary fillings to match.<\/p>\n<p>Fresh raspberries and <i>Ruby<\/i> chocolate harmoniously blend with dark chocolate, while the savoury strawberries, combined with soft cheesecake and <i>Ruby<\/i> chocolate, result in a highly expressive experience. The milk chocolate expertly complements the crunchy hazelnuts, accompanied by the delicate duet of sea buckthorn and sweet <i>Matcha<\/i>. Secret Garden is an extraordinary harmony of flavours. \u2003<br \/>\n&#8211; 15pcs of chocolate sweets.<br \/>\n&#8211; Four irresistible flavours.<br \/>\n&#8211; Chocolate sweets with a sea buckthorn filling, or <i>Ruby<\/i> chocolate and a raspberry filling containing alcohol.<br \/>\n&#8211; Exclusively designed packaging, adorned with the painting \u2018Secret Garden\u2019 by Algis Kri\u0161\u010di\u016bnas.<\/p>\n","protected":false},"excerpt":{"rendered":"<p align=\"justify\">The \u2018SECRET GARDEN\u2019 chocolate collection includes chocolate sweets with four different fillings: <i>Ruby<\/i> chocolate and raspberry filling, strawberry-cheesecake filling, crispy hazelnut filling and sea buckthorn filling. Exclusively designed packaging, adorned with the painting \u2018Secret Garden\u2019 by Algis Kri\u0161\u010di\u016bnas.<\/p>\n","protected":false},"featured_media":168862,"comment_status":"open","ping_status":"closed","template":"","meta":{"_acf_changed":false},"product_cat":[191,201,126,20],"product_tag":[],"class_list":{"0":"post-168864","1":"product","2":"type-product","3":"status-publish","4":"has-post-thumbnail","6":"product_cat-sweets-in-boxes","7":"product_cat-chocolate","8":"product_cat-sokoladiniai","9":"product_cat-saldainiai-dezutese","11":"first","12":"instock","13":"taxable","14":"shipping-taxable","15":"purchasable","16":"product-type-simple"},"acf":[],"_links":{"self":[{"href":"https:\/\/ruta.cpdev.dev\/en\/wp-json\/wp\/v2\/product\/168864","targetHints":{"allow":["GET"]}}],"collection":[{"href":"https:\/\/ruta.cpdev.dev\/en\/wp-json\/wp\/v2\/product"}],"about":[{"href":"https:\/\/ruta.cpdev.dev\/en\/wp-json\/wp\/v2\/types\/product"}],"replies":[{"embeddable":true,"href":"https:\/\/ruta.cpdev.dev\/en\/wp-json\/wp\/v2\/comments?post=168864"}],"wp:featuredmedia":[{"embeddable":true,"href":"https:\/\/ruta.cpdev.dev\/en\/wp-json\/wp\/v2\/media\/168862"}],"wp:attachment":[{"href":"https:\/\/ruta.cpdev.dev\/en\/wp-json\/wp\/v2\/media?parent=168864"}],"wp:term":[{"taxonomy":"product_cat","embeddable":true,"href":"https:\/\/ruta.cpdev.dev\/en\/wp-json\/wp\/v2\/product_cat?post=168864"},{"taxonomy":"product_tag","embeddable":true,"href":"https:\/\/ruta.cpdev.dev\/en\/wp-json\/wp\/v2\/product_tag?post=168864"}],"curies":[{"name":"wp","href":"https:\/\/api.w.org\/{rel}","templated":true}]}}