{"id":168874,"date":"2025-06-10T05:12:53","date_gmt":"2025-06-10T02:12:53","guid":{"rendered":"https:\/\/www.ruta.lt\/?post_type=product&#038;p=168874"},"modified":"2025-06-10T05:12:53","modified_gmt":"2025-06-10T02:12:53","slug":"crispy-almonds-in-white-chocolate-zara-dreams-behind-us-150-g","status":"publish","type":"product","link":"https:\/\/ruta.cpdev.dev\/en\/produktai\/crispy-almonds-in-white-chocolate-zara-dreams-behind-us-150-g\/","title":{"rendered":"Crispy almonds in white chocolate \u201e\u017dara\u201c. DREAMS BEHIND US, 150&nbsp;g"},"content":{"rendered":"<p align=\"justify\">Inspired by the artist, Algis Kri\u0161\u010di\u016bnas, and his extraordinary works, the R\u016bta confectionery factory has created a unique range of products. The packaging is decorated with the artist&#8217;s paintings, full of experience, hidden messages, and meaning.<\/p>\n<p>Bright and expressive, romantic and mysterious, Kri\u0161\u010di\u016bnas&#8217; paintings have, without a doubt, found a place in the hearts of art lovers, and now they are also sure to find a place in the hearts of chocolate gourmets. Take the chance to learn more about his work through our exclusive products, and embark on a journey of flavours which are full of adventures, inspiration, and a little bit of mystery.<\/p>\n<p>\u2018\u017dara\u2019 crispy almonds with white chocolate. \u2018DREAMS BEHIND US\u2019 is like a soft pastel dream. The smoothness of the milk caramel and the faint spiciness of the rum, cognac, and amaretto blend harmoniously with the white chocolate. Such a harmony of colours and taste beautifully complements a dreamy art piece. A delicate rising dream, like the pleasant crunch of almonds.<\/p>\n<p>&#8211; Crispy almonds with white chocolate and four flavours, perfectly combined.<br \/>\n&#8211; Source of fibre.<br \/>\n&#8211; Exclusively-designed packaging, adorned with the painting \u2018Dreams Behind Us\u2019 by Algis Kri\u0161\u010di\u016bnas.<\/p>\n","protected":false},"excerpt":{"rendered":"<p align=\"justify\">\u2018\u017dara\u2019 crispy almonds with white chocolate. \u2018DREAMS BEHIND US\u2019 is like a soft pastel dream. Exclusively-designed packaging, adorned with the painting \u2018Dreams Behind Us\u2019 by Algis Kri\u0161\u010di\u016bnas.<\/p>\n","protected":false},"featured_media":168870,"comment_status":"open","ping_status":"closed","template":"","meta":{"_acf_changed":false},"product_cat":[191,246,20,232],"product_tag":[],"class_list":{"0":"post-168874","1":"product","2":"type-product","3":"status-publish","4":"has-post-thumbnail","6":"product_cat-sweets-in-boxes","7":"product_cat-dragee-en-2","8":"product_cat-saldainiai-dezutese","9":"product_cat-draze-2","11":"first","12":"instock","13":"taxable","14":"shipping-taxable","15":"purchasable","16":"product-type-simple"},"acf":[],"_links":{"self":[{"href":"https:\/\/ruta.cpdev.dev\/en\/wp-json\/wp\/v2\/product\/168874","targetHints":{"allow":["GET"]}}],"collection":[{"href":"https:\/\/ruta.cpdev.dev\/en\/wp-json\/wp\/v2\/product"}],"about":[{"href":"https:\/\/ruta.cpdev.dev\/en\/wp-json\/wp\/v2\/types\/product"}],"replies":[{"embeddable":true,"href":"https:\/\/ruta.cpdev.dev\/en\/wp-json\/wp\/v2\/comments?post=168874"}],"wp:featuredmedia":[{"embeddable":true,"href":"https:\/\/ruta.cpdev.dev\/en\/wp-json\/wp\/v2\/media\/168870"}],"wp:attachment":[{"href":"https:\/\/ruta.cpdev.dev\/en\/wp-json\/wp\/v2\/media?parent=168874"}],"wp:term":[{"taxonomy":"product_cat","embeddable":true,"href":"https:\/\/ruta.cpdev.dev\/en\/wp-json\/wp\/v2\/product_cat?post=168874"},{"taxonomy":"product_tag","embeddable":true,"href":"https:\/\/ruta.cpdev.dev\/en\/wp-json\/wp\/v2\/product_tag?post=168874"}],"curies":[{"name":"wp","href":"https:\/\/api.w.org\/{rel}","templated":true}]}}