{"id":178180,"date":"2025-06-10T04:20:48","date_gmt":"2025-06-10T01:20:48","guid":{"rendered":"https:\/\/www.ruta.lt\/?post_type=product&#038;p=178180"},"modified":"2025-06-10T04:20:48","modified_gmt":"2025-06-10T01:20:48","slug":"chocolate-collection-ruta-1913-time-taste-480-g","status":"publish","type":"product","link":"https:\/\/ruta.cpdev.dev\/en\/produktai\/chocolate-collection-ruta-1913-time-taste-480-g\/","title":{"rendered":"Chocolate Collection \u201eR\u016aTA 1913. Time tasted!\u201c, 480&nbsp;g"},"content":{"rendered":"<p align=\"justify\">Dviej\u0173 auk\u0161t\u0173 rinkinyje \u201eR\u016bta 1913. Laiko i\u0161m\u0117gintas skonis!\u201c rasite 8 skirting\u0173 skoni\u0173 \u0161okoladinius saldainius. Rinkin\u012f sudaro: juodojo \u0161okolado saldainis su <i>Ruby<\/i>  \u0161okolado ir avie\u010di\u0173 \u012fdaru (1 vnt.), juodojo \u0161okolado saldainiai su vyno <i>Marsala<\/i>  ir baltojo \u0161okolado \u012fdaru (4 vnt.), juodojo \u0161okolado saldainiai su si\u010duano pipir\u0173 \u012fdaru (6 vnt.), juodojo \u0161okolado saldainiai su pieninio \u0161okolado ir karamel\u0117s \u012fdaru (6 vnt.), pieninio \u0161okolado saldainiai su migdol\u0173 \u012fdaru (4 vnt.), pieninio \u0161okolado saldainiai su pasiflor\u0173 \u012fdaru (4 vnt.), pieninio \u0161okolado saldainiai su kokosiniu \u012fdaru (8 vnt.) ir baltojo \u0161okolado saldainiai su lazdyno rie\u0161ut\u0173 \u012fdaru (8 vnt.). <\/p>\n<p>D\u0117\u017eut\u0117s dizaine naudojami elementai \u2013 \u012fmon\u0117s \u012fk\u016brimo metai, \u0161\u016bkis, \u012fk\u016br\u0117jo para\u0161as \u2013 \u012fprasmina gaminio unikalum\u0105.<\/p>\n<p>\u2013\u00a0Dviej\u0173 auk\u0161t\u0173 rinkinys.<br \/>\n\u2013\u00a0Rinkinyje \u2013 8 skoniai ir 41 \u0161okoladinis saldainis.<br \/>\n\u2013\u00a0Eleganti\u0161kas dizainas.<\/p>\n","protected":false},"excerpt":{"rendered":"<p align=\"justify\">Dviej\u0173 auk\u0161t\u0173 rinkinyje \u2013 8-i\u0173 skirting\u0173 skoni\u0173 \u0161okoladiniai saldainiai. D\u0117\u017eut\u0117s dizaine naudojami elementai \u2013 \u012fmon\u0117s \u012fk\u016brimo metai, \u0161\u016bkis, \u012fk\u016br\u0117jo para\u0161as \u2013 \u012fprasmina gaminio unikalum\u0105. I\u0161 viso rinkinyje \u2013 41 vnt. \u0161okoladini\u0173 saldaini\u0173.<\/p>\n","protected":false},"featured_media":187516,"comment_status":"open","ping_status":"closed","template":"","meta":{"_acf_changed":false},"product_cat":[191,201,288,126,274,20],"product_tag":[],"class_list":{"0":"post-178180","1":"product","2":"type-product","3":"status-publish","4":"has-post-thumbnail","6":"product_cat-sweets-in-boxes","7":"product_cat-chocolate","8":"product_cat-latest-products","9":"product_cat-sokoladiniai","10":"product_cat-naujausi-gaminiai","11":"product_cat-saldainiai-dezutese","13":"first","14":"instock","15":"taxable","16":"shipping-taxable","17":"purchasable","18":"product-type-simple"},"acf":[],"_links":{"self":[{"href":"https:\/\/ruta.cpdev.dev\/en\/wp-json\/wp\/v2\/product\/178180","targetHints":{"allow":["GET"]}}],"collection":[{"href":"https:\/\/ruta.cpdev.dev\/en\/wp-json\/wp\/v2\/product"}],"about":[{"href":"https:\/\/ruta.cpdev.dev\/en\/wp-json\/wp\/v2\/types\/product"}],"replies":[{"embeddable":true,"href":"https:\/\/ruta.cpdev.dev\/en\/wp-json\/wp\/v2\/comments?post=178180"}],"wp:featuredmedia":[{"embeddable":true,"href":"https:\/\/ruta.cpdev.dev\/en\/wp-json\/wp\/v2\/media\/187516"}],"wp:attachment":[{"href":"https:\/\/ruta.cpdev.dev\/en\/wp-json\/wp\/v2\/media?parent=178180"}],"wp:term":[{"taxonomy":"product_cat","embeddable":true,"href":"https:\/\/ruta.cpdev.dev\/en\/wp-json\/wp\/v2\/product_cat?post=178180"},{"taxonomy":"product_tag","embeddable":true,"href":"https:\/\/ruta.cpdev.dev\/en\/wp-json\/wp\/v2\/product_tag?post=178180"}],"curies":[{"name":"wp","href":"https:\/\/api.w.org\/{rel}","templated":true}]}}