{"id":191444,"date":"2025-06-10T05:04:32","date_gmt":"2025-06-10T02:04:32","guid":{"rendered":"https:\/\/www.ruta.lt\/?post_type=product&#038;p=191444"},"modified":"2025-06-10T05:04:32","modified_gmt":"2025-06-10T02:04:32","slug":"yogurt-flavoured-white-chocolate-saltibarsciu-portretas-90-g","status":"publish","type":"product","link":"https:\/\/ruta.cpdev.dev\/en\/produktai\/yogurt-flavoured-white-chocolate-saltibarsciu-portretas-90-g\/","title":{"rendered":"Yogurt flavoured white chocolate \u0160ALTIBAR\u0160\u010cI\u0172 PORTRETAS, 90&nbsp;g"},"content":{"rendered":"<p align=\"justify\">A new product has been added to the unique and increasingly popular product line adorned with the works of artist Algis Kri\u0161\u010di\u016bnas! <\/p>\n<p>A new chocolate flavour was created for the \u0160altibar\u0161\u010di\u0173 Portretas painting, and the appearance of the chocolate resembles a quintessential Lithuanian dish \u2013 \u0161altibar\u0161\u010diai. You will love the flavour of this chocolate and its authentic appearance which reminds our beloved pink soup. It has dried spinach elements and chocolate colours are derived from natural vegetable colouring.<\/p>\n<p>The \u0160altibar\u0161\u010di\u0173 Portretas yoghurt flavoured white chocolate is a gift that is unique and quintessentially Lithuanian.<\/p>\n<p>\u2013 Yoghurt flavoured white chocolate.<br \/>\n\u2013 Looks just like \u0161altibar\u0161\u010diai!<br \/>\n\u2013 A perfect souvenir gift!<\/p>\n","protected":false},"excerpt":{"rendered":"<p align=\"justify\">The \u0160altibar\u0161\u010di\u0173 Portretas yoghurt flavoured white chocolate is a gift that is unique and quintessentially Lithuanian.<\/p>\n","protected":false},"featured_media":191440,"comment_status":"open","ping_status":"closed","template":"","meta":{"_acf_changed":false},"product_cat":[210,212,288,274,324,143,82],"product_tag":[],"class_list":{"0":"post-191444","1":"product","2":"type-product","3":"status-publish","4":"has-post-thumbnail","6":"product_cat-chocolate-en","7":"product_cat-white-chocolate","8":"product_cat-latest-products","9":"product_cat-naujausi-gaminiai","10":"product_cat-specialus-pasiulymai","11":"product_cat-baltojo-sokolado-sokoladai","12":"product_cat-sokoladai","14":"first","15":"outofstock","16":"sale","17":"taxable","18":"shipping-taxable","19":"purchasable","20":"product-type-simple"},"acf":[],"_links":{"self":[{"href":"https:\/\/ruta.cpdev.dev\/en\/wp-json\/wp\/v2\/product\/191444","targetHints":{"allow":["GET"]}}],"collection":[{"href":"https:\/\/ruta.cpdev.dev\/en\/wp-json\/wp\/v2\/product"}],"about":[{"href":"https:\/\/ruta.cpdev.dev\/en\/wp-json\/wp\/v2\/types\/product"}],"replies":[{"embeddable":true,"href":"https:\/\/ruta.cpdev.dev\/en\/wp-json\/wp\/v2\/comments?post=191444"}],"wp:featuredmedia":[{"embeddable":true,"href":"https:\/\/ruta.cpdev.dev\/en\/wp-json\/wp\/v2\/media\/191440"}],"wp:attachment":[{"href":"https:\/\/ruta.cpdev.dev\/en\/wp-json\/wp\/v2\/media?parent=191444"}],"wp:term":[{"taxonomy":"product_cat","embeddable":true,"href":"https:\/\/ruta.cpdev.dev\/en\/wp-json\/wp\/v2\/product_cat?post=191444"},{"taxonomy":"product_tag","embeddable":true,"href":"https:\/\/ruta.cpdev.dev\/en\/wp-json\/wp\/v2\/product_tag?post=191444"}],"curies":[{"name":"wp","href":"https:\/\/api.w.org\/{rel}","templated":true}]}}