{"id":191502,"date":"2025-06-10T04:37:15","date_gmt":"2025-06-10T01:37:15","guid":{"rendered":"https:\/\/www.ruta.lt\/?post_type=product&#038;p=191502"},"modified":"2025-06-10T04:37:15","modified_gmt":"2025-06-10T01:37:15","slug":"caramelized-almonds-with-raspberries-100-g","status":"publish","type":"product","link":"https:\/\/ruta.cpdev.dev\/en\/produktai\/caramelized-almonds-with-raspberries-100-g\/","title":{"rendered":"Caramelized almonds with raspberries, 100&nbsp;g"},"content":{"rendered":"<p align=\"justify\">Ypatinga saldaini\u0173 fabriko \u201eR\u016bta\u201c naujiena \u2013 karamelizuoti migdolai su aviet\u0117mis! Tra\u0161k\u016bs migdolai, apgaubti sald\u017eiu karamel\u0117s sluoksniu, kuriems gaivos suteikia d\u017eiovint\u0173 \u0161altyje avie\u010di\u0173 r\u016bg\u0161tel\u0117. Tai lengvai vasari\u0161kas skonis, tod\u0117l puikiai tinka tiems, kurie m\u0117gsta sald\u017eius skan\u0117stus su \u0161velnia vaisine nata\u200b.<\/p>\n<p>Migdolai pateikiami pakuot\u0117je su u\u017espaud\u017eiama juostele \u2013 tai stilingas ir patogus sprendimas greitam ir gard\u017eiam u\u017ekand\u017eiui keliaujant, skubant ar ilsintis \u2013 bet kur ir bet kada!<\/p>\n<p>\u2013 Karamelizuoti migdolai.<br \/>\n\u2013 Su d\u017eiovintais \u0161altyje avie\u010di\u0173 milteliais.<br \/>\n\u2013 Daug skaidulini\u0173 med\u017eiag\u0173 (100 g \u2013 10,4 g).<\/p>\n","protected":false},"excerpt":{"rendered":"<p align=\"justify\">Tra\u0161k\u016bs migdolai, apgaubti sald\u017eiu karamel\u0117s sluoksniu, kuriems gaivos suteikia d\u017eiovint\u0173 \u0161altyje avie\u010di\u0173 r\u016bg\u0161tel\u0117. Tai lengvai vasari\u0161kas skonis, tod\u0117l puikiai tinka tiems, kurie m\u0117gsta sald\u017eius skan\u0117stus su \u0161velnia vaisine nata\u200b.<\/p>\n","protected":false},"featured_media":191500,"comment_status":"open","ping_status":"closed","template":"","meta":{"_acf_changed":false},"product_cat":[166,170,205,288,274,150,97,109],"product_tag":[],"class_list":{"0":"post-191502","1":"product","2":"type-product","3":"status-publish","4":"has-post-thumbnail","6":"product_cat-dragee","7":"product_cat-nutty-dragee","8":"product_cat-snacks","9":"product_cat-latest-products","10":"product_cat-naujausi-gaminiai","11":"product_cat-riesutine","12":"product_cat-draze","13":"product_cat-uzkandziai","15":"first","16":"instock","17":"taxable","18":"shipping-taxable","19":"purchasable","20":"product-type-simple"},"acf":[],"_links":{"self":[{"href":"https:\/\/ruta.cpdev.dev\/en\/wp-json\/wp\/v2\/product\/191502","targetHints":{"allow":["GET"]}}],"collection":[{"href":"https:\/\/ruta.cpdev.dev\/en\/wp-json\/wp\/v2\/product"}],"about":[{"href":"https:\/\/ruta.cpdev.dev\/en\/wp-json\/wp\/v2\/types\/product"}],"replies":[{"embeddable":true,"href":"https:\/\/ruta.cpdev.dev\/en\/wp-json\/wp\/v2\/comments?post=191502"}],"wp:featuredmedia":[{"embeddable":true,"href":"https:\/\/ruta.cpdev.dev\/en\/wp-json\/wp\/v2\/media\/191500"}],"wp:attachment":[{"href":"https:\/\/ruta.cpdev.dev\/en\/wp-json\/wp\/v2\/media?parent=191502"}],"wp:term":[{"taxonomy":"product_cat","embeddable":true,"href":"https:\/\/ruta.cpdev.dev\/en\/wp-json\/wp\/v2\/product_cat?post=191502"},{"taxonomy":"product_tag","embeddable":true,"href":"https:\/\/ruta.cpdev.dev\/en\/wp-json\/wp\/v2\/product_tag?post=191502"}],"curies":[{"name":"wp","href":"https:\/\/api.w.org\/{rel}","templated":true}]}}