{"id":32931,"date":"2025-06-10T03:29:34","date_gmt":"2025-06-10T00:29:34","guid":{"rendered":"https:\/\/www.ruta.lt\/produktai\/milk-chocolate-buk-mana-draugs-18-g\/"},"modified":"2025-06-10T03:29:34","modified_gmt":"2025-06-10T00:29:34","slug":"milk-chocolate-buk-mana-draugs-18-g","status":"publish","type":"product","link":"https:\/\/ruta.cpdev.dev\/en\/produktai\/milk-chocolate-buk-mana-draugs-18-g\/","title":{"rendered":"Milk chocolate \u201cB\u016bk mana draugs!\u201c, 18&nbsp;g"},"content":{"rendered":"<p align=\"justify\">Saldaini\u0173 fabrikas \u201eR\u016bta\u201c pristato naujus, pa\u0161\u0117lusius gaminius \u2013 \u0161okolad\u0117lius \u201e\u0160iauliai \u0161nek\u201c. Tai pienininio \u0161okolado plytel\u0117s su linksmais, \u0161iaulieti\u0161kos tarm\u0117s u\u017era\u0161ais.<br \/>\nPieninis \u0161okoladas \u201eB\u016bk mana draugs!\u201c i\u0161siskiria stilinga pakuote, kuriai \u017eaismingumo suteikia nuotaikingi \u017eenkliukai. Juk \u0161okolads kel nuotaikik\u0119!<br \/>\n\u2013 Pieninis \u0161okoladas.<br \/>\n\u2013 \u0160okolade kakavos saus\u0173j\u0173 med\u017eiag\u0173 \u2013 32&nbsp;%.<br \/>\n\u2013 Nauja, nuotaikinga pakuot\u0117.<br \/>\n\u2013 Minimalus u\u017esakymo kiekis \u2013 36 vnt.<\/p>\n","protected":false},"excerpt":{"rendered":"<p align=\"justify\">Tai pienininio \u0161okolado (32&nbsp;%) plytel\u0117 su  linksmu, \u0161iaulieti\u0161kos tarm\u0117s u\u017era\u0161u. Juk \u0161okolads kel nuotaikik\u0119!<\/p>\n","protected":false},"featured_media":32927,"comment_status":"open","ping_status":"closed","template":"","meta":{"_acf_changed":false},"product_cat":[210,217,142,82],"product_tag":[],"class_list":{"0":"post-32931","1":"product","2":"type-product","3":"status-publish","4":"has-post-thumbnail","6":"product_cat-chocolate-en","7":"product_cat-milk-chocolate-en-2","8":"product_cat-pieninio-sokolado-sokoladai","9":"product_cat-sokoladai","11":"first","12":"instock","13":"taxable","14":"shipping-taxable","15":"purchasable","16":"product-type-simple"},"acf":[],"_links":{"self":[{"href":"https:\/\/ruta.cpdev.dev\/en\/wp-json\/wp\/v2\/product\/32931","targetHints":{"allow":["GET"]}}],"collection":[{"href":"https:\/\/ruta.cpdev.dev\/en\/wp-json\/wp\/v2\/product"}],"about":[{"href":"https:\/\/ruta.cpdev.dev\/en\/wp-json\/wp\/v2\/types\/product"}],"replies":[{"embeddable":true,"href":"https:\/\/ruta.cpdev.dev\/en\/wp-json\/wp\/v2\/comments?post=32931"}],"wp:featuredmedia":[{"embeddable":true,"href":"https:\/\/ruta.cpdev.dev\/en\/wp-json\/wp\/v2\/media\/32927"}],"wp:attachment":[{"href":"https:\/\/ruta.cpdev.dev\/en\/wp-json\/wp\/v2\/media?parent=32931"}],"wp:term":[{"taxonomy":"product_cat","embeddable":true,"href":"https:\/\/ruta.cpdev.dev\/en\/wp-json\/wp\/v2\/product_cat?post=32931"},{"taxonomy":"product_tag","embeddable":true,"href":"https:\/\/ruta.cpdev.dev\/en\/wp-json\/wp\/v2\/product_tag?post=32931"}],"curies":[{"name":"wp","href":"https:\/\/api.w.org\/{rel}","templated":true}]}}