{"id":33215,"date":"2025-06-10T04:45:38","date_gmt":"2025-06-10T01:45:38","guid":{"rendered":"https:\/\/www.ruta.lt\/produktai\/dark-chocolate-sweets-with-oranges-and-sea-salt-secret-love-130-g\/"},"modified":"2025-06-10T04:45:38","modified_gmt":"2025-06-10T01:45:38","slug":"dark-chocolate-sweets-with-oranges-and-sea-salt-secret-love-130-g","status":"publish","type":"product","link":"https:\/\/ruta.cpdev.dev\/en\/produktai\/dark-chocolate-sweets-with-oranges-and-sea-salt-secret-love-130-g\/","title":{"rendered":"Dark chocolate sweets with oranges and sea salt \u201cSecret love\u201c, 130&nbsp;g"},"content":{"rendered":"<p align=\"justify\">Saldaini\u0173 fabrikas \u201eR\u016bta\u201c ir meninink\u0117 Julija Janus, \u012fkv\u0117pti karali\u0161kosios poros \u017dygimanto Augusto ir Barboros Radvilait\u0117s didingos meil\u0117s istorijos, suk\u016br\u0117 2 i\u0161skirtinius saldaini\u0173 rinkinius. Jie suteikia galimyb\u0119 ne tik susipa\u017einti su nepaprasta istorija, bet ir prisiliesti prie ital\u0173 renesanso kult\u016bros, tradicij\u0173 bei virtuv\u0117s subtilybi\u0173.<br \/>\n\u201eSlapta meil\u0117\u201c \u2013 tai juodojo \u0161okolado saldainiai su apelsinais ir j\u016bros druska \u2013 karali\u0161k\u0105j\u0105 meil\u0117s istorij\u0105 pasakojantis skonis. \u0160is ypatingas derinys \u2013 sald\u017eiar\u016bg\u0161tis apelsin\u0173 \u017eieveli\u0173 skonis, persipinantis su subtiliu j\u016bros druskos s\u016brumu ir smulkint\u0173 migdol\u0173 tra\u0161kumu \u2013 sukurtas ne \u0161iaip sau. Lietuvos didysis kunigaik\u0161tis \u017dygimantas Augustas savo gyvenimo meil\u0119, Barbor\u0105 Radvilait\u0119, lepino kasdien \u2013 dovanojo jai vienus brangiausi\u0173 vaisi\u0173 \u2013 apelsinus, kuriuos karalien\u0117 Barbora labai m\u0117go.<br \/>\nSaldaini\u0173 pavadinimas taip pat prasmingas. \u017dygimanto Augusto ir Barboros Radvilait\u0117s istorija d\u0117l savo didyb\u0117s ir dramati\u0161kumo tapo vis\u0173 laik\u0173 romanti\u0161kiausia Vilniaus legenda apie slapt\u0105 meil\u0119.<br \/>\n\u0160ie saldainiai yra Julija Janus dizaino kolekcijos, skirtos \u017eymiausiai Vilniaus karali\u0161kosios poros meil\u0117s istorijai, dalis. Vis\u0105 kolekcij\u0105 rasite www.slaptameile.lt<br \/>\n\u2013 Unikalus skoni\u0173 derinys: juodojo \u0161okolado saldainiai su apelsinais ir j\u016bros druska.<br \/>\n\u2013 \u0160okolade kakavos saus\u0173j\u0173 med\u017eiag\u0173 \u2013 55&nbsp;%.<br \/>\n\u2013 Viduje rasite lankstuk\u0105, kuriame apra\u0161yta karali\u0161kosios poros meil\u0117s istorija.<br \/>\n\u2013 Gaminys sukurtas bendradarbiaujant su menininke Julija Janus.<\/p>\n","protected":false},"excerpt":{"rendered":"<p align=\"justify\">Juodojo \u0161okolado saldainiai su apelsinais ir j\u016bros druska \u2013 karali\u0161k\u0105j\u0105 meil\u0117s istorij\u0105 pasakojantis skonis. Tai ypatingas derinys \u2013 sald\u017eiar\u016bg\u0161tis apelsin\u0173 \u017eieveli\u0173 skonis, persipinantis su subtiliu j\u016bros druskos s\u016brumu ir smulkint\u0173 migdol\u0173 tra\u0161kumu.<\/p>\n","protected":false},"featured_media":152692,"comment_status":"open","ping_status":"closed","template":"","meta":{"_acf_changed":false},"product_cat":[191,201,126,20],"product_tag":[],"class_list":{"0":"post-33215","1":"product","2":"type-product","3":"status-publish","4":"has-post-thumbnail","6":"product_cat-sweets-in-boxes","7":"product_cat-chocolate","8":"product_cat-sokoladiniai","9":"product_cat-saldainiai-dezutese","11":"first","12":"instock","13":"taxable","14":"shipping-taxable","15":"purchasable","16":"product-type-simple"},"acf":[],"_links":{"self":[{"href":"https:\/\/ruta.cpdev.dev\/en\/wp-json\/wp\/v2\/product\/33215","targetHints":{"allow":["GET"]}}],"collection":[{"href":"https:\/\/ruta.cpdev.dev\/en\/wp-json\/wp\/v2\/product"}],"about":[{"href":"https:\/\/ruta.cpdev.dev\/en\/wp-json\/wp\/v2\/types\/product"}],"replies":[{"embeddable":true,"href":"https:\/\/ruta.cpdev.dev\/en\/wp-json\/wp\/v2\/comments?post=33215"}],"wp:featuredmedia":[{"embeddable":true,"href":"https:\/\/ruta.cpdev.dev\/en\/wp-json\/wp\/v2\/media\/152692"}],"wp:attachment":[{"href":"https:\/\/ruta.cpdev.dev\/en\/wp-json\/wp\/v2\/media?parent=33215"}],"wp:term":[{"taxonomy":"product_cat","embeddable":true,"href":"https:\/\/ruta.cpdev.dev\/en\/wp-json\/wp\/v2\/product_cat?post=33215"},{"taxonomy":"product_tag","embeddable":true,"href":"https:\/\/ruta.cpdev.dev\/en\/wp-json\/wp\/v2\/product_tag?post=33215"}],"curies":[{"name":"wp","href":"https:\/\/api.w.org\/{rel}","templated":true}]}}