{"id":71776,"date":"2025-06-10T02:41:34","date_gmt":"2025-06-09T23:41:34","guid":{"rendered":"https:\/\/www.ruta.lt\/produktai\/cake-lietuvaite-450-g\/"},"modified":"2025-06-10T02:41:34","modified_gmt":"2025-06-09T23:41:34","slug":"cake-lietuvaite-450-g","status":"publish","type":"product","link":"https:\/\/ruta.cpdev.dev\/en\/produktai\/cake-lietuvaite-450-g\/","title":{"rendered":"Cake \u201cLietuvait\u0117\u201c, 450&nbsp;g"},"content":{"rendered":"<p align=\"justify\">The Lietuvait\u0117 souffl\u00e9 cake is a fluffy, cream-flavoured souffl\u00e9 cake with Lietuvait\u0117 jelly sweet pieces, covered with dark chocolate (55&nbsp;%). The top of the cake is decorated with freeze-dried strawberry pieces, which provide a pleasant crunch. The cake comes in an elegant box. <\/p>\n<p>\u2013 Fluffy, cream-flavoured souffl\u00e9 cake.<br \/>\n\u2013 Covered with dark chocolate containing 55&nbsp;% cocoa solids.<\/p>\n","protected":false},"excerpt":{"rendered":"<p align=\"justify\">The Lietuvait\u0117 souffl\u00e9 cake is a fluffy, cream-flavoured souffl\u00e9 cake with Lietuvait\u0117 jelly sweet pieces, covered with dark chocolate (55&nbsp;%).<\/p>\n","protected":false},"featured_media":71774,"comment_status":"open","ping_status":"closed","template":"","meta":{"_acf_changed":false},"product_cat":[174,177,152,105],"product_tag":[],"class_list":{"0":"post-71776","1":"product","2":"type-product","3":"status-publish","4":"has-post-thumbnail","6":"product_cat-174","7":"product_cat-cake","8":"product_cat-tortai","9":"product_cat-kiti-produktai","11":"first","12":"instock","13":"taxable","14":"shipping-taxable","15":"purchasable","16":"product-type-simple"},"acf":[],"_links":{"self":[{"href":"https:\/\/ruta.cpdev.dev\/en\/wp-json\/wp\/v2\/product\/71776","targetHints":{"allow":["GET"]}}],"collection":[{"href":"https:\/\/ruta.cpdev.dev\/en\/wp-json\/wp\/v2\/product"}],"about":[{"href":"https:\/\/ruta.cpdev.dev\/en\/wp-json\/wp\/v2\/types\/product"}],"replies":[{"embeddable":true,"href":"https:\/\/ruta.cpdev.dev\/en\/wp-json\/wp\/v2\/comments?post=71776"}],"wp:featuredmedia":[{"embeddable":true,"href":"https:\/\/ruta.cpdev.dev\/en\/wp-json\/wp\/v2\/media\/71774"}],"wp:attachment":[{"href":"https:\/\/ruta.cpdev.dev\/en\/wp-json\/wp\/v2\/media?parent=71776"}],"wp:term":[{"taxonomy":"product_cat","embeddable":true,"href":"https:\/\/ruta.cpdev.dev\/en\/wp-json\/wp\/v2\/product_cat?post=71776"},{"taxonomy":"product_tag","embeddable":true,"href":"https:\/\/ruta.cpdev.dev\/en\/wp-json\/wp\/v2\/product_tag?post=71776"}],"curies":[{"name":"wp","href":"https:\/\/api.w.org\/{rel}","templated":true}]}}