{"id":89521,"date":"2025-06-10T03:57:30","date_gmt":"2025-06-10T00:57:30","guid":{"rendered":"https:\/\/www.ruta.lt\/produktai\/chocolate-collection-a-chocolate-scented-history-195-g\/"},"modified":"2025-06-10T03:57:30","modified_gmt":"2025-06-10T00:57:30","slug":"chocolate-collection-a-chocolate-scented-history-195-g","status":"publish","type":"product","link":"https:\/\/ruta.cpdev.dev\/en\/produktai\/chocolate-collection-a-chocolate-scented-history-195-g\/","title":{"rendered":"Chocolate collection \u201cA chocolate-scented history\u201c, 195&nbsp;g"},"content":{"rendered":"<p align=\"justify\">110 met\u0173 jubiliejui pamin\u0117ti saldaini\u0173 fabrikas \u201eR\u016bta\u201c suk\u016br\u0117 eleganti\u0161k\u0105 rinkin\u012f, kur\u012f sudaro 5 visi\u0161kai nauji \u0161okoladiniai saldainiai. B\u016btent jie atspindi fabriko patirt\u012f, meistryst\u0119, d\u0117mes\u012f detal\u0117ms ir auk\u0161\u010diausi\u0105 kokyb\u0119. <\/p>\n<p>Saldaini\u0173 rinkinio dizainas taip pat kupinas element\u0173, pasakojan\u010di\u0173 \u012fmon\u0117s istorij\u0105: stilizuoti \u012fk\u016brimo metai, istorin\u0117s nuotraukos bei tarpukario laik\u0173 saldaini\u0173 popier\u0117liai.<\/p>\n<p>Rinkin\u012f sudaro 5 i\u0161skirtiniai juodojo \u0161okolado saldainiai su \u0161iais \u012fdarais: <i>Ruby<\/i> \u0161okolado bei avie\u010di\u0173 ir s\u016brio, vyno <i>Marsala<\/i> ir baltojo \u0161okolado bei smulkint\u0173 kakavos pupeli\u0173, vy\u0161nia <i>Griottines<\/i> bei maskarpon\u0117s, smulkintomis pistacijomis bei pistacij\u0173, kvapi\u0173j\u0173 mandarin\u0173 bei aitri\u0173j\u0173 paprik\u0173 \u012fdarais.<\/p>\n<p>\u2013 Eleganti\u0161kas rinkinys, sukurtas \u012fmon\u0117s 110 met\u0173 jubiliejaus proga.<br \/>\n\u2013 Rinkin\u012f sudaro visi\u0161kai nauji 5-i\u0173 skoni\u0173 juodojo \u0161okolado saldainiai.<br \/>\n\u2013 I\u0161 viso rinkinyje 15 vnt. rank\u0173 darbo saldaini\u0173.<\/p>\n","protected":false},"excerpt":{"rendered":"<p align=\"justify\">110 met\u0173 jubiliejui pamin\u0117ti saldaini\u0173 fabrikas \u201eR\u016bta\u201c suk\u016br\u0117 eleganti\u0161k\u0105 rinkin\u012f, kur\u012f sudaro 5 visi\u0161kai nauji \u0161okoladiniai saldainiai. B\u016btent jie atspindi fabriko patirt\u012f, meistryst\u0119, d\u0117mes\u012f detal\u0117ms ir auk\u0161\u010diausi\u0105 kokyb\u0119.<\/p>\n","protected":false},"featured_media":154996,"comment_status":"open","ping_status":"closed","template":"","meta":{"_acf_changed":false},"product_cat":[191,201,126,20],"product_tag":[],"class_list":{"0":"post-89521","1":"product","2":"type-product","3":"status-publish","4":"has-post-thumbnail","6":"product_cat-sweets-in-boxes","7":"product_cat-chocolate","8":"product_cat-sokoladiniai","9":"product_cat-saldainiai-dezutese","11":"first","12":"instock","13":"taxable","14":"shipping-taxable","15":"purchasable","16":"product-type-simple"},"acf":[],"_links":{"self":[{"href":"https:\/\/ruta.cpdev.dev\/en\/wp-json\/wp\/v2\/product\/89521","targetHints":{"allow":["GET"]}}],"collection":[{"href":"https:\/\/ruta.cpdev.dev\/en\/wp-json\/wp\/v2\/product"}],"about":[{"href":"https:\/\/ruta.cpdev.dev\/en\/wp-json\/wp\/v2\/types\/product"}],"replies":[{"embeddable":true,"href":"https:\/\/ruta.cpdev.dev\/en\/wp-json\/wp\/v2\/comments?post=89521"}],"wp:featuredmedia":[{"embeddable":true,"href":"https:\/\/ruta.cpdev.dev\/en\/wp-json\/wp\/v2\/media\/154996"}],"wp:attachment":[{"href":"https:\/\/ruta.cpdev.dev\/en\/wp-json\/wp\/v2\/media?parent=89521"}],"wp:term":[{"taxonomy":"product_cat","embeddable":true,"href":"https:\/\/ruta.cpdev.dev\/en\/wp-json\/wp\/v2\/product_cat?post=89521"},{"taxonomy":"product_tag","embeddable":true,"href":"https:\/\/ruta.cpdev.dev\/en\/wp-json\/wp\/v2\/product_tag?post=89521"}],"curies":[{"name":"wp","href":"https:\/\/api.w.org\/{rel}","templated":true}]}}